{"id":50522,"date":"2022-06-06T22:53:05","date_gmt":"2022-06-06T22:53:05","guid":{"rendered":"https:\/\/www.rjavitukan.si\/?post_type=product&#038;p=50522"},"modified":"2026-04-20T20:56:20","modified_gmt":"2026-04-20T20:56:20","slug":"citrus-grove","status":"publish","type":"product","link":"https:\/\/www.rjavitukan.si\/si\/izdelek\/citrus-grove\/","title":{"rendered":"Citrus Grove"},"content":{"rendered":"<p>[et_pb_section fb_built=&#8221;1&#8243; _builder_version=&#8221;4.16&#8243; custom_padding=&#8221;0px||1px||false|false&#8221; global_colors_info=&#8221;{}&#8221;][et_pb_row _builder_version=&#8221;4.16&#8243; background_size=&#8221;initial&#8221; background_position=&#8221;top_left&#8221; background_repeat=&#8221;repeat&#8221; width=&#8221;100%&#8221; custom_padding=&#8221;0px||0px||false|false&#8221; global_colors_info=&#8221;{}&#8221;][et_pb_column type=&#8221;4_4&#8243; _builder_version=&#8221;4.16&#8243; custom_padding=&#8221;|||&#8221; global_colors_info=&#8221;{}&#8221; custom_padding__hover=&#8221;|||&#8221;][et_pb_wc_breadcrumb _builder_version=&#8221;4.16&#8243; global_colors_info=&#8221;{}&#8221;][\/et_pb_wc_breadcrumb][et_pb_wc_cart_notice _builder_version=&#8221;4.16&#8243; global_colors_info=&#8221;{}&#8221;][\/et_pb_wc_cart_notice][\/et_pb_column][\/et_pb_row][et_pb_row column_structure=&#8221;1_2,1_2&#8243; custom_padding_last_edited=&#8221;on|phone&#8221; _builder_version=&#8221;4.16&#8243; background_size=&#8221;initial&#8221; background_position=&#8221;top_left&#8221; background_repeat=&#8221;repeat&#8221; width=&#8221;100%&#8221; custom_padding=&#8221;0px||||false|false&#8221; custom_padding_tablet=&#8221;&#8221; custom_padding_phone=&#8221;0px||20px||false|false&#8221; global_colors_info=&#8221;{}&#8221;][et_pb_column type=&#8221;1_2&#8243; _builder_version=&#8221;4.16&#8243; custom_padding=&#8221;|||&#8221; global_colors_info=&#8221;{}&#8221; custom_padding__hover=&#8221;|||&#8221;][et_pb_wc_images _builder_version=&#8221;4.16&#8243; global_colors_info=&#8221;{}&#8221;][\/et_pb_wc_images][\/et_pb_column][et_pb_column type=&#8221;1_2&#8243; _builder_version=&#8221;4.16&#8243; custom_padding=&#8221;|||&#8221; global_colors_info=&#8221;{}&#8221; custom_padding__hover=&#8221;|||&#8221;][et_pb_wc_title _builder_version=&#8221;4.16&#8243; global_colors_info=&#8221;{}&#8221;][\/et_pb_wc_title][et_pb_wc_rating _builder_version=&#8221;4.16&#8243; global_colors_info=&#8221;{}&#8221;][\/et_pb_wc_rating][et_pb_wc_price _builder_version=&#8221;4.16&#8243; global_colors_info=&#8221;{}&#8221;][\/et_pb_wc_price][et_pb_wc_description _builder_version=&#8221;4.16&#8243; global_colors_info=&#8221;{}&#8221;][\/et_pb_wc_description][et_pb_wc_add_to_cart _builder_version=&#8221;4.27.6&#8243; fields_background_color=&#8221;#009bf4&#8243; dropdown_menus_background_color=&#8221;#009bf4&#8243; dropdown_menus_text_color=&#8221;#ffffff&#8221; dropdown_menus_focus_background_color=&#8221;#ffffff&#8221; dropdown_menus_focus_text_color=&#8221;#009bf4&#8243; dropdown_menus_custom_margin=&#8221;0px||0px||false|false&#8221; dropdown_menus_custom_margin_tablet=&#8221;&#8221; dropdown_menus_custom_margin_phone=&#8221;&#8221; dropdown_menus_custom_margin_last_edited=&#8221;on|desktop&#8221; custom_button=&#8221;on&#8221; button_border_color=&#8221;#009bf4&#8243; button_icon_color=&#8221;#009bf4&#8243; button_custom_margin=&#8221;|||45px|false|false&#8221; button_custom_margin_tablet=&#8221;&#8221; button_custom_margin_phone=&#8221;|||0px|false|false&#8221; button_custom_margin_last_edited=&#8221;on|phone&#8221; button_custom_padding_tablet=&#8221;&#8221; button_custom_padding_phone=&#8221;&#8221; button_custom_padding_last_edited=&#8221;on|desktop&#8221; hover_enabled=&#8221;0&#8243; global_colors_info=&#8221;{}&#8221; fields_text_color=&#8221;#FFFFFF&#8221; sticky_enabled=&#8221;0&#8243;][\/et_pb_wc_add_to_cart][et_pb_wc_meta _builder_version=&#8221;4.16&#8243; custom_margin_tablet=&#8221;&#8221; custom_margin_phone=&#8221;||-15px||false|false&#8221; custom_margin_last_edited=&#8221;on|phone&#8221; global_colors_info=&#8221;{}&#8221;][\/et_pb_wc_meta][\/et_pb_column][\/et_pb_row][et_pb_row _builder_version=&#8221;4.16&#8243; background_size=&#8221;initial&#8221; background_position=&#8221;top_left&#8221; background_repeat=&#8221;repeat&#8221; width=&#8221;100%&#8221; custom_padding=&#8221;||0px|||&#8221; global_colors_info=&#8221;{}&#8221;][et_pb_column type=&#8221;4_4&#8243; _builder_version=&#8221;4.16&#8243; custom_padding=&#8221;|||&#8221; global_colors_info=&#8221;{}&#8221; custom_padding__hover=&#8221;|||&#8221;][et_pb_wc_tabs _builder_version=&#8221;4.16&#8243; global_colors_info=&#8221;{}&#8221;] [\/et_pb_wc_tabs][et_pb_wc_upsells _builder_version=&#8221;4.16&#8243; global_colors_info=&#8221;{}&#8221;][\/et_pb_wc_upsells][\/et_pb_column][\/et_pb_row][et_pb_row column_structure=&#8221;1_2,1_2&#8243; _builder_version=&#8221;4.16&#8243; _module_preset=&#8221;default&#8221; width=&#8221;100%&#8221; custom_padding=&#8221;0px|||||&#8221; global_colors_info=&#8221;{}&#8221;][et_pb_column type=&#8221;1_2&#8243; _builder_version=&#8221;4.16&#8243; _module_preset=&#8221;default&#8221; global_colors_info=&#8221;{}&#8221;][et_pb_image src=&#8221;https:\/\/www.rjavitukan.si\/wp-content\/uploads\/2022\/06\/Nascimento-Sao-Bernardo-aerea-1.jpg&#8221; title_text=&#8221;Nascimento &#8211; S\u00e3o Bernardo aerea 1&#8243; _builder_version=&#8221;4.27.5&#8243; _module_preset=&#8221;default&#8221; global_colors_info=&#8221;{}&#8221;][\/et_pb_image][\/et_pb_column][et_pb_column type=&#8221;1_2&#8243; _builder_version=&#8221;4.16&#8243; _module_preset=&#8221;default&#8221; global_colors_info=&#8221;{}&#8221;][et_pb_image src=&#8221;https:\/\/www.rjavitukan.si\/wp-content\/uploads\/2022\/06\/Nascimento-Familia-2.jpg&#8221; title_text=&#8221;Nascimento &#8211; Familia 2&#8243; _builder_version=&#8221;4.27.5&#8243; _module_preset=&#8221;default&#8221; global_colors_info=&#8221;{}&#8221;][\/et_pb_image][\/et_pb_column][\/et_pb_row][et_pb_row _builder_version=&#8221;4.16&#8243; _module_preset=&#8221;default&#8221; width=&#8221;100%&#8221; custom_padding=&#8221;||0px|||&#8221; global_colors_info=&#8221;{}&#8221;][et_pb_column type=&#8221;4_4&#8243; _builder_version=&#8221;4.16&#8243; _module_preset=&#8221;default&#8221; global_colors_info=&#8221;{}&#8221;][\/et_pb_column][\/et_pb_row][\/et_pb_section]<\/p>\n","protected":false},"excerpt":{"rendered":"<p>Brazilska specialty kava. <strong>Delikatna, sadna kava<\/strong> z ne\u017enim telesom <strong>likerja<\/strong>, ki bo pote\u0161ila najbolj zahtevne kavoljubce.<\/p>\n","protected":false},"featured_media":50885,"comment_status":"closed","ping_status":"closed","template":"","meta":{"_et_pb_use_builder":"on","_et_pb_old_content":"Sorta <strong>Topazio<\/strong> \u017ee ve\u010d le v regiji <strong>Cerrado<\/strong> slovi po <strong>kakovosti in produktivnosti.<\/strong> Tudi Topazio dru\u017eine Nascimento ni ni\u010d druga\u010den. Pred su\u0161enjem so pridelovalci \u010de\u0161nje\u00a0<strong>aerobno fermentirali<\/strong>, kar pomeni, da so bile \u010de\u0161nje za dolo\u010den \u010das polo\u017eene v sodu z dostopom zraka. Rezultat je kava z mo\u010dnimi notami<strong>\u00a0<\/strong><strong>\u010de\u0161nje, limone in drugih citrusov<\/strong>. Kava je zato precej <strong>delikatna<\/strong>, njeno\u00a0<strong>ne\u017eno telo<\/strong> spominja na\u00a0<strong>liker. <\/strong>Popolna kava za <strong>filter<\/strong>.\r\n<p style=\"text-align: left\">Zgodovina pridelovalcev <strong>Nascimento Coffee<\/strong> se za\u010dne z vizijo <strong>M\u00e1ria Alvesa do Nascimenta<\/strong>, ki je prve kavovce zasadil v 20. letih prej\u0161njega stoletja. Pridelava se je raz\u0161irila v sredini 70. let prej\u0161njega stoletja, ko so jo spodbujali subvencijski programi v regiji <strong>Cerrado Mineiro<\/strong>.<\/p>\r\n<p style=\"text-align: left\">Sedanji lastnik, <strong>Betinho<\/strong>, je Mariov sin in se s pridelavo kave ukvarja \u017ee <strong>ve\u010d kot 40 let<\/strong>. Je predstavnik druge generacije dru\u017eine pridelovalcev kave, ki je s pridelavo kave pomembno prispevala k razvoju mesta <strong>Patroc\u00ednio<\/strong>. <strong>Kmetija S\u00e3o Bernardo<\/strong> ohranja svoja na\u010dela, usmerjena v <strong>visoko produktivnost in kakovost<\/strong>, ter si nenehno prizadeva za izbolj\u0161anje procesov in fizi\u010dnih struktur, ki pozitivno vplivajo na <strong>kakovost kave<\/strong>. Tudi <strong>tehnologija<\/strong> je bila vedno v sredi\u0161\u010du pozornosti dru\u017eine, saj je neprekinjena oskrba s kavo njena trdna zaveza. Prihod otrok in vnukov je prinesel ve\u010dji poudarek na pridelavo\u00a0<strong>specialty kave<\/strong> in razvoj modernih izdelkov in postopkov.<\/p>\r\n<p style=\"text-align: left\">Njihova kmetija, <strong>Fazenda S\u00e3o Bernardo<\/strong>, je bila vedno sinonim za <strong>kakovost in tradicijo<\/strong> pri pridelavi specialty kave. Zdaj je dru\u017eina naredila nov korak, da vas \u0161e bolj pribli\u017ea svojemu bistvu: dru\u017eba <strong>Nascimento Coffee<\/strong> je bila ustvarjena, da najbolj\u0161e iz njihovega terroira pripelje neposredno v va\u0161o skodelico! Kar se je za\u010delo kot sanje, je danes tradicija: <strong>specialty kava, pridelana s ponosom, tehnologijo in spo\u0161tovanjem do zemlje.<\/strong><\/p>\r\nDru\u017eina je zasadila sorte, znane po kakovosti in produktivnosti, zlasti v regiji Cerrado Mineiro. <strong>Arara, Catuai 144, Mundo Novo, Paraiso, Topazio<\/strong> so nekatere od sort, ki rastejo na njihovi planta\u017ei.\r\n\r\n<strong>Cerrado de Minas<\/strong> je prva brazilska regija za pridelovanje kave, ki je dobila status ozna\u010dbe porekla (Cerrado Mineiro), s \u010dimer ji je bil podarjen status, podoben vinorodnim regijam. Z nadmorsko vi\u0161ino <strong>800\u20131300 m<\/strong> in natan\u010dno dolo\u010denimi letnimi \u010dasi (vla\u017eno poletje in blaga do suha zima) je ta regija zelo primerna za gojenje kave. Priljubljeni vrsti tu sta <strong>Mundo Novo<\/strong> in <strong>Catua\u00ed<\/strong>.","_et_gb_content_width":""},"product_brand":[],"product_cat":[20],"product_tag":[],"class_list":{"0":"post-50522","1":"product","2":"type-product","3":"status-publish","4":"has-post-thumbnail","6":"product_cat-kava","8":"first","9":"instock","10":"taxable","11":"shipping-taxable","12":"purchasable","13":"product-type-variable"},"_links":{"self":[{"href":"https:\/\/www.rjavitukan.si\/si\/wp-json\/wp\/v2\/product\/50522","targetHints":{"allow":["GET"]}}],"collection":[{"href":"https:\/\/www.rjavitukan.si\/si\/wp-json\/wp\/v2\/product"}],"about":[{"href":"https:\/\/www.rjavitukan.si\/si\/wp-json\/wp\/v2\/types\/product"}],"replies":[{"embeddable":true,"href":"https:\/\/www.rjavitukan.si\/si\/wp-json\/wp\/v2\/comments?post=50522"}],"wp:featuredmedia":[{"embeddable":true,"href":"https:\/\/www.rjavitukan.si\/si\/wp-json\/wp\/v2\/media\/50885"}],"wp:attachment":[{"href":"https:\/\/www.rjavitukan.si\/si\/wp-json\/wp\/v2\/media?parent=50522"}],"wp:term":[{"taxonomy":"product_brand","embeddable":true,"href":"https:\/\/www.rjavitukan.si\/si\/wp-json\/wp\/v2\/product_brand?post=50522"},{"taxonomy":"product_cat","embeddable":true,"href":"https:\/\/www.rjavitukan.si\/si\/wp-json\/wp\/v2\/product_cat?post=50522"},{"taxonomy":"product_tag","embeddable":true,"href":"https:\/\/www.rjavitukan.si\/si\/wp-json\/wp\/v2\/product_tag?post=50522"}],"curies":[{"name":"wp","href":"https:\/\/api.w.org\/{rel}","templated":true}]}}