{"id":48753,"date":"2021-01-23T12:20:23","date_gmt":"2021-01-23T12:20:23","guid":{"rendered":"https:\/\/www.rjavitukan.si\/?page_id=48753"},"modified":"2022-05-18T10:21:48","modified_gmt":"2022-05-18T10:21:48","slug":"trgovina","status":"publish","type":"page","link":"https:\/\/www.rjavitukan.si\/si\/trgovina\/","title":{"rendered":"Trgovina meni"},"content":{"rendered":"<p>[et_pb_section fb_built=&#8221;1&#8243; fullwidth=&#8221;on&#8221; custom_padding_last_edited=&#8221;on|tablet&#8221; _builder_version=&#8221;4.7.4&#8243; _module_preset=&#8221;default&#8221; custom_margin_tablet=&#8221;0px||0px||false|false&#8221; custom_margin_phone=&#8221;&#8221; custom_margin_last_edited=&#8221;on|tablet&#8221; custom_padding_tablet=&#8221;0px||0px||false|false&#8221; custom_padding_phone=&#8221;&#8221;][et_pb_fullwidth_header title=&#8221;BRAZILSKA SPECIALTY KAVA&#8221; button_one_text=&#8221;IZBOR NA\u0160IH KAV&#8221; button_one_url=&#8221; https:\/\/www.rjavitukan.si\/specialty-kave\/&#8221; content_tablet=&#8221;<\/p>\n<p><span style=%22color: #000000;%22>Ekipa Rjavega tukana zavzeto i\u0161\u010de najbolj\u0161a brazilska kavna zrna in jih prena\u0161a <\/span><span style=%22color: #000000;%22>v Evropo.<\/span><\/p>\n<p><span style=%22color: #000000;%22>Na\u0161a misija je oskrba ljudi s kavnimi zrni kompleksnih in bogatih okusov <\/span><span style=%22color: #000000;%22>ter nepozabljivih arom.<\/span><\/p>\n<p><span style=%22color: #000000;%22>Zato te vabimo, da vstopi\u0161 v na\u0161o di\u0161e\u010do trgovinico in si izbere\u0161 kavo, ki ustreza tvojemu okusu.<br \/> <\/span><\/p>\n<p>&#8221; content_phone=&#8221;<\/p>\n<p><span style=%22color: #000000;%22>Ekipa Rjavega tukana zavzeto i\u0161\u010de najbolj\u0161a brazilska kavna zrna in jih prenese <\/span><span style=%22color: #000000;%22>v Evropo.<\/span><\/p>\n<p><span style=%22color: #000000;%22>Na\u0161a misija je oskrba ljudi s kavnimi zrni kompleksnih in bogatih okusov <\/span><span style=%22color: #000000;%22>ter nepozabljivih arom.<\/span><\/p>\n<p><span style=%22color: #000000;%22>Zato te vabimo da vstopi\u0161 v na\u0161o di\u0161e\u010do trgovinico in si izbere\u0161 kavo, ki ustreza tvojemu okusu.<br \/> <\/span><\/p>\n<p>&#8221; content_last_edited=&#8221;on|phone&#8221; content_max_width_tablet=&#8221;100%&#8221; content_max_width_phone=&#8221;&#8221; content_max_width_last_edited=&#8221;on|tablet&#8221; _builder_version=&#8221;4.7.4&#8243; _module_preset=&#8221;default&#8221; title_font=&#8221;Signika||||||||&#8221; title_text_align=&#8221;left&#8221; title_text_color=&#8221;#000000&#8243; title_font_size=&#8221;50px&#8221; title_letter_spacing=&#8221;3px&#8221; title_line_height=&#8221;1.9em&#8221; content_font=&#8221;Signika||||||||&#8221; content_text_align=&#8221;justify&#8221; content_text_color=&#8221;#000000&#8243; content_font_size=&#8221;19px&#8221; content_line_height=&#8221;2em&#8221; background_enable_color=&#8221;off&#8221; background_image=&#8221;https:\/\/www.rjavitukan.si\/wp-content\/uploads\/2022\/02\/Santo-Antonio.jpg&#8221; custom_button_one=&#8221;on&#8221; button_one_text_size=&#8221;26px&#8221; button_one_text_color=&#8221;#000000&#8243; button_one_font=&#8221;Signika||||||||&#8221; button_one_custom_margin=&#8221;35px||||false|false&#8221; button_one_custom_padding=&#8221;0px||0px||false|false&#8221; button_one_custom_padding_tablet=&#8221;0px||||false|false&#8221; button_one_custom_padding_phone=&#8221;&#8221; button_one_custom_padding_last_edited=&#8221;on|tablet&#8221; width_tablet=&#8221;110%&#8221; width_phone=&#8221;&#8221; width_last_edited=&#8221;on|tablet&#8221; max_width_tablet=&#8221;110%&#8221; max_width_phone=&#8221;&#8221; max_width_last_edited=&#8221;on|tablet&#8221; module_alignment=&#8221;center&#8221; min_height_tablet=&#8221;473px&#8221; min_height_phone=&#8221;&#8221; min_height_last_edited=&#8221;on|tablet&#8221; height_tablet=&#8221;298px&#8221; height_phone=&#8221;&#8221; height_last_edited=&#8221;on|tablet&#8221; max_height_tablet=&#8221;321px&#8221; max_height_phone=&#8221;&#8221; max_height_last_edited=&#8221;on|tablet&#8221; custom_margin=&#8221;0px||0px||false|false&#8221; custom_margin_tablet=&#8221;0px|0px||0px|false|false&#8221; custom_margin_phone=&#8221;0px|0px|0px|0px|false|false&#8221; custom_margin_last_edited=&#8221;on|phone&#8221; custom_padding=&#8221;106px|500px|421px|0px|false|false&#8221; custom_padding_tablet=&#8221;50px|243px|0px|0px|false|false&#8221; custom_padding_phone=&#8221;45px|16px|47px|0px|false|false&#8221; custom_padding_last_edited=&#8221;on|tablet&#8221; title_text_align_tablet=&#8221;left&#8221; title_text_align_phone=&#8221;justify&#8221; title_text_align_last_edited=&#8221;on|tablet&#8221; title_font_size_tablet=&#8221;35px&#8221; title_font_size_phone=&#8221;&#8221; title_font_size_last_edited=&#8221;on|tablet&#8221; title_letter_spacing_tablet=&#8221;&#8221; title_letter_spacing_phone=&#8221;&#8221; title_letter_spacing_last_edited=&#8221;on|tablet&#8221; title_line_height_tablet=&#8221;1.3em&#8221; title_line_height_phone=&#8221;1.3em&#8221; title_line_height_last_edited=&#8221;on|tablet&#8221; content_text_align_tablet=&#8221;justify&#8221; content_text_align_phone=&#8221;justify&#8221; content_text_align_last_edited=&#8221;on|tablet&#8221; content_font_size_tablet=&#8221;15px&#8221; content_font_size_phone=&#8221;&#8221; content_font_size_last_edited=&#8221;on|tablet&#8221; content_letter_spacing_tablet=&#8221;&#8221; content_letter_spacing_phone=&#8221;&#8221; content_letter_spacing_last_edited=&#8221;on|tablet&#8221; content_line_height_tablet=&#8221;1.6em&#8221; content_line_height_phone=&#8221;&#8221; content_line_height_last_edited=&#8221;on|tablet&#8221; background_last_edited=&#8221;on|phone&#8221; background_image_phone=&#8221;https:\/\/www.rjavitukan.si\/wp-content\/uploads\/2022\/02\/Santo-Antonio.jpg&#8221; background_enable_image_phone=&#8221;on&#8221; background_size_tablet=&#8221;cover&#8221; background_size_phone=&#8221;cover&#8221; background_position_phone=&#8221;top_left&#8221; button_one_text_size_tablet=&#8221;24px&#8221; button_one_text_size_phone=&#8221;&#8221; button_one_text_size_last_edited=&#8221;on|desktop&#8221; module_alignment_tablet=&#8221;center&#8221; module_alignment_phone=&#8221;center&#8221; module_alignment_last_edited=&#8221;on|tablet&#8221; border_radii_image_tablet=&#8221;&#8221; border_radii_image_phone=&#8221;&#8221; border_radii_image_last_edited=&#8221;on|tablet&#8221; title_text_phone=&#8221;Santo Antonio&#8221;]<\/p>\n<p><span style=\"color: #000000;\">Ekipa Rjavega tukana zavzeto i\u0161\u010de najbolj\u0161a brazilska kavna zrna in jih prena\u0161a <\/span><span style=\"color: #000000;\">v Evropo.<\/span><\/p>\n<p><span style=\"color: #000000;\">Na\u0161a misija je oskrba ljudi s kavnimi zrni kompleksnih in bogatih okusov <\/span><span style=\"color: #000000;\">ter nepozabljivih arom.<\/span><\/p>\n<p><span style=\"color: #000000;\">Zato te vabimo, da vstopi\u0161 v na\u0161o di\u0161e\u010do trgovinico in si izbere\u0161 kavo, ki ustreza tvojemu okusu.<br \/> <\/span><\/p>\n<p>[\/et_pb_fullwidth_header][\/et_pb_section][et_pb_section fb_built=&#8221;1&#8243; custom_padding_last_edited=&#8221;on|tablet&#8221; _builder_version=&#8221;4.7.4&#8243; _module_preset=&#8221;default&#8221; width_tablet=&#8221;100%&#8221; width_phone=&#8221;100%&#8221; width_last_edited=&#8221;on|phone&#8221; max_width_tablet=&#8221;100%&#8221; max_width_phone=&#8221;100%&#8221; max_width_last_edited=&#8221;on|tablet&#8221; module_alignment=&#8221;center&#8221; min_height_tablet=&#8221;&#8221; min_height_phone=&#8221;&#8221; min_height_last_edited=&#8221;on|tablet&#8221; height_tablet=&#8221;100px&#8221; height_phone=&#8221;&#8221; height_last_edited=&#8221;on|tablet&#8221; max_height_tablet=&#8221;&#8221; max_height_phone=&#8221;&#8221; max_height_last_edited=&#8221;on|tablet&#8221; custom_margin=&#8221;|0px||0px|false|false&#8221; custom_margin_tablet=&#8221;0px||||false|false&#8221; custom_margin_phone=&#8221;|0px|0px|0px|false|false&#8221; custom_margin_last_edited=&#8221;on|tablet&#8221; custom_padding=&#8221;||0px|52px|false|false&#8221; custom_padding_tablet=&#8221;|||0px|false|false&#8221; custom_padding_phone=&#8221;0px|0px||0px|false|false&#8221; top_divider_height_tablet=&#8221;100px&#8221; top_divider_height_phone=&#8221;&#8221; top_divider_height_last_edited=&#8221;on|tablet&#8221; background_last_edited=&#8221;on|phone&#8221; background_enable_color_phone=&#8221;off&#8221; module_alignment_tablet=&#8221;center&#8221; module_alignment_phone=&#8221;&#8221; module_alignment_last_edited=&#8221;on|tablet&#8221; border_radii_tablet=&#8221;&#8221; border_radii_phone=&#8221;&#8221; border_radii_last_edited=&#8221;on|tablet&#8221; border_width_all_tablet=&#8221;&#8221; border_width_all_phone=&#8221;&#8221; border_width_all_last_edited=&#8221;on|tablet&#8221; border_style_all_tablet=&#8221;none&#8221; border_style_all_phone=&#8221;&#8221; border_style_all_last_edited=&#8221;on|tablet&#8221;][et_pb_row column_structure=&#8221;1_3,1_3,1_3&#8243; use_custom_gutter=&#8221;on&#8221; custom_padding_last_edited=&#8221;on|phone&#8221; _builder_version=&#8221;4.7.4&#8243; _module_preset=&#8221;default&#8221; background_color=&#8221;#ffffff&#8221; width_tablet=&#8221;100%&#8221; width_phone=&#8221;100%&#8221; width_last_edited=&#8221;on|phone&#8221; max_width_tablet=&#8221;&#8221; max_width_phone=&#8221;100%&#8221; max_width_last_edited=&#8221;on|phone&#8221; module_alignment=&#8221;center&#8221; custom_margin=&#8221;-150px|0px||0px|false|false&#8221; custom_margin_tablet=&#8221;0px||||false|false&#8221; custom_margin_phone=&#8221;|0px|||false|false&#8221; custom_margin_last_edited=&#8221;on|phone&#8221; custom_padding=&#8221;0px||40px|0px|false|false&#8221; custom_padding_tablet=&#8221;||0px||false|false&#8221; custom_padding_phone=&#8221;&#8221; module_alignment_tablet=&#8221;&#8221; module_alignment_phone=&#8221;center&#8221; module_alignment_last_edited=&#8221;on|phone&#8221;][et_pb_column type=&#8221;1_3&#8243; _builder_version=&#8221;4.7.4&#8243; _module_preset=&#8221;default&#8221; custom_padding_tablet=&#8221;0px|0px|0px|0px|false|false&#8221; custom_padding_phone=&#8221;&#8221; custom_padding_last_edited=&#8221;on|phone&#8221;][et_pb_image src=&#8221;https:\/\/www.rjavitukan.si\/wp-content\/uploads\/2021\/04\/TUKANOV-KLUB-1.jpg&#8221; title_text=&#8221;TUKANOV KLUB 1&#8243; url=&#8221;https:\/\/www.rjavitukan.si\/si\/tukanov-klub\/&#8221; src_tablet=&#8221;https:\/\/www.rjavitukan.si\/wp-content\/uploads\/2021\/04\/TUKANOV-KLUB-1-e1617650033644.jpg&#8221; src_phone=&#8221;https:\/\/www.rjavitukan.si\/wp-content\/uploads\/2021\/04\/TUKANOV-KLUB-1-e1617650033644.jpg&#8221; src_last_edited=&#8221;on|desktop&#8221; align_tablet=&#8221;center&#8221; align_phone=&#8221;center&#8221; align_last_edited=&#8221;on|tablet&#8221; _builder_version=&#8221;4.7.4&#8243; _module_preset=&#8221;default&#8221; width_tablet=&#8221;40%&#8221; width_phone=&#8221;100%&#8221; width_last_edited=&#8221;on|tablet&#8221; max_width_tablet=&#8221;100%&#8221; max_width_phone=&#8221;100%&#8221; max_width_last_edited=&#8221;on|tablet&#8221; min_height_tablet=&#8221;&#8221; min_height_phone=&#8221;&#8221; min_height_last_edited=&#8221;on|tablet&#8221; height_tablet=&#8221;&#8221; height_phone=&#8221;&#8221; height_last_edited=&#8221;on|tablet&#8221; max_height_tablet=&#8221;&#8221; max_height_phone=&#8221;&#8221; max_height_last_edited=&#8221;on|tablet&#8221; custom_margin=&#8221;0px|||-63px|false|false&#8221; custom_margin_tablet=&#8221;0px|0px||0px|false|false&#8221; custom_margin_phone=&#8221;25px|0px|-106px|0px|false|false&#8221; custom_margin_last_edited=&#8221;on|tablet&#8221; custom_padding=&#8221;|0px|0px|0px|false|false&#8221; custom_padding_tablet=&#8221;0px|60px|0px|10px|false|false&#8221; custom_padding_phone=&#8221;|25px||25px|false|false&#8221; custom_padding_last_edited=&#8221;on|tablet&#8221; hover_transition_delay=&#8221;50ms&#8221; hover_enabled=&#8221;0&#8243; module_alignment_tablet=&#8221;left&#8221; module_alignment_phone=&#8221;&#8221; module_alignment_last_edited=&#8221;on|tablet&#8221; border_width_all=&#8221;27px&#8221; border_color_all=&#8221;#ffffff&#8221; border_radii_tablet=&#8221;&#8221; border_radii_phone=&#8221;&#8221; border_radii_last_edited=&#8221;on|tablet&#8221; border_width_all_tablet=&#8221;0px&#8221; border_width_all_phone=&#8221;&#8221; border_width_all_last_edited=&#8221;on|tablet&#8221; border_style_all_tablet=&#8221;&#8221; border_style_all_phone=&#8221;&#8221; border_style_all_last_edited=&#8221;on|tablet&#8221; background__hover_enabled=&#8221;off|desktop&#8221; background_color__hover=&#8221;#e02b20&#8243; background_enable_color__hover=&#8221;on&#8221; src__hover_enabled=&#8221;off|hover&#8221; sticky_enabled=&#8221;0&#8243;][\/et_pb_image][\/et_pb_column][et_pb_column type=&#8221;1_3&#8243; _builder_version=&#8221;4.7.4&#8243; _module_preset=&#8221;default&#8221; custom_padding=&#8221;0px|||0px|false|false&#8221; custom_padding_tablet=&#8221;0px||0px|0px|false|false&#8221; custom_padding_phone=&#8221;&#8221; custom_padding_last_edited=&#8221;on|tablet&#8221;][et_pb_image src=&#8221;https:\/\/www.rjavitukan.si\/wp-content\/uploads\/2022\/02\/Pripomocki-za-kavo.png&#8221; title_text=&#8221;chemex pripomocek&#8221; url=&#8221;https:\/\/www.rjavitukan.si\/si\/kavni-pripomocki\/&#8221; src_tablet=&#8221;https:\/\/www.rjavitukan.si\/wp-content\/uploads\/2021\/01\/KAVNI-PRIPOMOCKI222-e1617649427505.png&#8221; src_phone=&#8221;https:\/\/www.rjavitukan.si\/wp-content\/uploads\/2021\/01\/KAVNI-PRIPOMOCKI222.png&#8221; src_last_edited=&#8221;on|desktop&#8221; align_tablet=&#8221;&#8221; align_phone=&#8221;&#8221; align_last_edited=&#8221;on|tablet&#8221; _builder_version=&#8221;4.7.4&#8243; _module_preset=&#8221;default&#8221; width_tablet=&#8221;40%&#8221; width_phone=&#8221;100%&#8221; width_last_edited=&#8221;on|tablet&#8221; max_width_tablet=&#8221;&#8221; max_width_phone=&#8221;&#8221; max_width_last_edited=&#8221;on|tablet&#8221; min_height_tablet=&#8221;&#8221; min_height_phone=&#8221;&#8221; min_height_last_edited=&#8221;on|tablet&#8221; height_tablet=&#8221;&#8221; height_phone=&#8221;&#8221; height_last_edited=&#8221;on|tablet&#8221; max_height_tablet=&#8221;&#8221; max_height_phone=&#8221;&#8221; max_height_last_edited=&#8221;on|tablet&#8221; custom_margin=&#8221;|||-60px|false|false&#8221; custom_margin_tablet=&#8221;-268px|0px|0px|0px|false|false&#8221; custom_margin_phone=&#8221;100px||-203px|0px|false|false&#8221; custom_margin_last_edited=&#8221;on|tablet&#8221; custom_padding_tablet=&#8221;|35px||35px|false|false&#8221; custom_padding_phone=&#8221;|25px||25px|false|false&#8221; custom_padding_last_edited=&#8221;on|tablet&#8221; animation_style=&#8221;fade&#8221; module_alignment_tablet=&#8221;center&#8221; module_alignment_phone=&#8221;center&#8221; module_alignment_last_edited=&#8221;on|tablet&#8221; border_width_all=&#8221;27px&#8221; border_color_all=&#8221;#ffffff&#8221; border_radii_tablet=&#8221;&#8221; border_radii_phone=&#8221;&#8221; border_radii_last_edited=&#8221;on|tablet&#8221; border_width_all_tablet=&#8221;0px&#8221; border_width_all_phone=&#8221;&#8221; border_width_all_last_edited=&#8221;on|tablet&#8221; src__hover_enabled=&#8221;off|desktop&#8221; min_height__hover_enabled=&#8221;on|desktop&#8221;][\/et_pb_image][\/et_pb_column][et_pb_column type=&#8221;1_3&#8243; _builder_version=&#8221;4.7.4&#8243; _module_preset=&#8221;default&#8221; custom_padding_tablet=&#8221;0px||0px||false|false&#8221; custom_padding_phone=&#8221;&#8221; custom_padding_last_edited=&#8221;on|tablet&#8221;][et_pb_image src=&#8221;https:\/\/www.rjavitukan.si\/wp-content\/uploads\/2022\/02\/Darilni-seti.png&#8221; title_text=&#8221;darilce&#8221; url=&#8221;https:\/\/www.rjavitukan.si\/si\/darila\/&#8221; src_tablet=&#8221;https:\/\/www.rjavitukan.si\/wp-content\/uploads\/2021\/01\/DARILNI-KOMPLETI22-e1617649377403.png&#8221; src_phone=&#8221;https:\/\/www.rjavitukan.si\/wp-content\/uploads\/2021\/01\/DARILNI-KOMPLETI22.png&#8221; src_last_edited=&#8221;on|desktop&#8221; align_tablet=&#8221;right&#8221; align_phone=&#8221;center&#8221; align_last_edited=&#8221;on|tablet&#8221; _builder_version=&#8221;4.7.4&#8243; _module_preset=&#8221;default&#8221; background_enable_image=&#8221;off&#8221; width_tablet=&#8221;40%&#8221; width_phone=&#8221;100%&#8221; width_last_edited=&#8221;on|tablet&#8221; max_width_tablet=&#8221;&#8221; max_width_phone=&#8221;&#8221; max_width_last_edited=&#8221;on|tablet&#8221; custom_margin=&#8221;|||-60px|false|false&#8221; custom_margin_tablet=&#8221;-297px|0px|0px|0px|false|false&#8221; custom_margin_phone=&#8221;200px|0px|0px|0px|false|false&#8221; custom_margin_last_edited=&#8221;on|tablet&#8221; custom_padding_tablet=&#8221;0px|10px|0px|60px|false|false&#8221; custom_padding_phone=&#8221;|25px|25px|25px|false|false&#8221; custom_padding_last_edited=&#8221;on|tablet&#8221; animation_style=&#8221;fade&#8221; module_alignment_tablet=&#8221;right&#8221; module_alignment_phone=&#8221;right&#8221; module_alignment_last_edited=&#8221;on|tablet&#8221; border_width_all=&#8221;27px&#8221; border_color_all=&#8221;#ffffff&#8221; border_radii_tablet=&#8221;&#8221; border_radii_phone=&#8221;&#8221; border_radii_last_edited=&#8221;on|desktop&#8221; border_width_all_tablet=&#8221;0px&#8221; border_width_all_phone=&#8221;&#8221; border_width_all_last_edited=&#8221;on|tablet&#8221; src__hover_enabled=&#8221;off|desktop&#8221;][\/et_pb_image][\/et_pb_column][\/et_pb_row][\/et_pb_section][et_pb_section fb_built=&#8221;1&#8243; custom_padding_last_edited=&#8221;on|phone&#8221; _builder_version=&#8221;4.7.4&#8243; _module_preset=&#8221;default&#8221; custom_margin_tablet=&#8221;&#8221; custom_margin_phone=&#8221;&#8221; custom_margin_last_edited=&#8221;on|tablet&#8221; custom_padding=&#8221;0px||0px||false|false&#8221; custom_padding_tablet=&#8221;&#8221; custom_padding_phone=&#8221;0px||50px||false|false&#8221;][et_pb_row custom_padding_last_edited=&#8221;on|tablet&#8221; _builder_version=&#8221;4.7.4&#8243; _module_preset=&#8221;default&#8221; custom_margin_tablet=&#8221;0px||0px||false|false&#8221; custom_margin_phone=&#8221;&#8221; custom_margin_last_edited=&#8221;on|tablet&#8221; custom_padding_tablet=&#8221;0px||0px||false|false&#8221; custom_padding_phone=&#8221;&#8221;][et_pb_column type=&#8221;4_4&#8243; _builder_version=&#8221;4.7.4&#8243; _module_preset=&#8221;default&#8221; custom_padding_tablet=&#8221;0px||0px||false|false&#8221; custom_padding_phone=&#8221;&#8221; custom_padding_last_edited=&#8221;on|tablet&#8221;][et_pb_text _builder_version=&#8221;4.7.4&#8243; _module_preset=&#8221;default&#8221; text_font=&#8221;Signika||||||||&#8221; text_font_size=&#8221;23px&#8221; text_line_height=&#8221;1.8em&#8221; header_font=&#8221;Signika||||||||&#8221; header_text_align=&#8221;center&#8221; header_text_color=&#8221;#000000&#8243; header_font_size=&#8221;52px&#8221; text_orientation=&#8221;justified&#8221; custom_margin=&#8221;0px||0px||false|false&#8221; custom_padding=&#8221;0px||0px||false|false&#8221;]<\/p>\n<h1 style=\"text-align: center;\">NA\u0160E KAVE<\/h1>\n<p>Brazilija se pona\u0161a z mno\u017eico nadvse raznolikih pokrajin in regij, ki ponujajo odli\u010dne pogoje za pridelovanje kave. Posledica? Dolg seznam edinstvenih kav izredne kvalitete. Zaradi te raznolikosti se Brazilija pona\u0161a s kavo eksoti\u010dnih okusov, ki bo zadovoljila tudi najzahtevnej\u0161e kavoljubce.<\/p>\n<p>[\/et_pb_text][\/et_pb_column][\/et_pb_row][\/et_pb_section][et_pb_section fb_built=&#8221;1&#8243; _builder_version=&#8221;4.7.4&#8243; _module_preset=&#8221;default&#8221; custom_padding=&#8221;||0px|||&#8221;][et_pb_row custom_padding_last_edited=&#8221;on|phone&#8221; _builder_version=&#8221;4.7.4&#8243; _module_preset=&#8221;default&#8221; width=&#8221;100%&#8221; width_tablet=&#8221;&#8221; width_phone=&#8221;100%&#8221; width_last_edited=&#8221;on|desktop&#8221; max_width_tablet=&#8221;&#8221; max_width_phone=&#8221;&#8221; max_width_last_edited=&#8221;on|phone&#8221; custom_margin_tablet=&#8221;&#8221; custom_margin_phone=&#8221;&#8221; custom_margin_last_edited=&#8221;on|phone&#8221; custom_padding_tablet=&#8221;&#8221; custom_padding_phone=&#8221;&#8221;][et_pb_column type=&#8221;4_4&#8243; _builder_version=&#8221;4.7.4&#8243; _module_preset=&#8221;default&#8221;][et_pb_shop type=&#8221;product_category&#8221; include_categories=&#8221;20&#8243; columns_number=&#8221;3&#8243; _builder_version=&#8221;4.7.4&#8243; _module_preset=&#8221;default&#8221;][\/et_pb_shop][\/et_pb_column][\/et_pb_row][\/et_pb_section]<\/p>\n","protected":false},"excerpt":{"rendered":"<p>Ekipa Rjavega tukana zavzeto i\u0161\u010de najbolj\u0161a brazilska kavna zrna in jih prena\u0161a v Evropo. Na\u0161a misija je oskrba ljudi s kavnimi zrni kompleksnih in bogatih okusov ter nepozabljivih arom. Zato te vabimo, da vstopi\u0161 v na\u0161o di\u0161e\u010do trgovinico in si izbere\u0161 kavo, ki ustreza tvojemu okusu. NA\u0160E KAVE Brazilija se pona\u0161a z mno\u017eico nadvse raznolikih [&hellip;]<\/p>\n","protected":false},"author":1,"featured_media":0,"parent":0,"menu_order":0,"comment_status":"closed","ping_status":"closed","template":"","meta":{"_et_pb_use_builder":"on","_et_pb_old_content":"","_et_gb_content_width":"","footnotes":""},"class_list":["post-48753","page","type-page","status-publish","hentry"],"_links":{"self":[{"href":"https:\/\/www.rjavitukan.si\/si\/wp-json\/wp\/v2\/pages\/48753","targetHints":{"allow":["GET"]}}],"collection":[{"href":"https:\/\/www.rjavitukan.si\/si\/wp-json\/wp\/v2\/pages"}],"about":[{"href":"https:\/\/www.rjavitukan.si\/si\/wp-json\/wp\/v2\/types\/page"}],"author":[{"embeddable":true,"href":"https:\/\/www.rjavitukan.si\/si\/wp-json\/wp\/v2\/users\/1"}],"replies":[{"embeddable":true,"href":"https:\/\/www.rjavitukan.si\/si\/wp-json\/wp\/v2\/comments?post=48753"}],"version-history":[{"count":96,"href":"https:\/\/www.rjavitukan.si\/si\/wp-json\/wp\/v2\/pages\/48753\/revisions"}],"predecessor-version":[{"id":50498,"href":"https:\/\/www.rjavitukan.si\/si\/wp-json\/wp\/v2\/pages\/48753\/revisions\/50498"}],"wp:attachment":[{"href":"https:\/\/www.rjavitukan.si\/si\/wp-json\/wp\/v2\/media?parent=48753"}],"curies":[{"name":"wp","href":"https:\/\/api.w.org\/{rel}","templated":true}]}}