{"id":3,"date":"2021-01-03T17:01:52","date_gmt":"2021-01-03T17:01:52","guid":{"rendered":"https:\/\/www.rjavitukan.si\/?page_id=3"},"modified":"2022-03-06T15:37:32","modified_gmt":"2022-03-06T15:37:32","slug":"politika-zasebnosti","status":"publish","type":"page","link":"https:\/\/www.rjavitukan.si\/si\/politika-zasebnosti\/","title":{"rendered":"Politika zasebnosti"},"content":{"rendered":"<p style=\"text-align: justify;\"><strong>Vrsta zbranih podatkov<\/strong><\/p>\n<p style=\"text-align: justify;\">Zavod Rjavi tukan zbira slede\u010de osebne podatke za potrebe poslovanja: ime in priimek, naslov in kraj bivanja, naslov elektronske po\u0161te, kontaktno telefonsko \u0161tevilko, geslo v \u0161ifrirani obliki ter ostale podatke, ki jih uporabnik vnese v obrazce na spletnem mestu www.rjavitukan.si. Zavod Rjavi tukan ne odgovarja za to\u010dnost podatkov, ki jih vnese uporabnik. Za zagotavljanje varnosti in dokazljivosti se zbirajo tudi IP naslovi, iz katerih uporabnik dostopa do spletnega mesta. Posameznemu uporabniku je ob za\u010detku obiska dodeljen sejni pi\u0161kotek za identifikacijo in spremljanje nakupovalne ko\u0161arice. Zavod Rjavi tukan lahko na uporabnikov ra\u010dunalnik shrani tudi druge pi\u0161kotke, kot so identifikacijska \u0161tevilka uporabnika v \u0161ifrirani obliki (za prepoznavanje uporabnika ob naslednjem obisku) in pi\u0161kotki sistema Google Analytics (analiza obiskov spletne strani). Sejni pi\u0161kotki se v pomnilnik stre\u017enika shranjujejo le za \u010das trajanja obiska in se izbri\u0161ejo po eni uri neaktivnosti, trajni pi\u0161kotki pa so shranjeni na ra\u010dunalniku obiskovalca 2 leti, nato pa postanejo neaktivni.<\/p>\n<p style=\"text-align: justify;\"><strong>Na\u010din in namen obdelave osebnih podatkov<\/strong><\/p>\n<p style=\"text-align: justify;\">Z uporabo spletnega mesta www.rjavitukan.si uporabnik vsakokratno izrecno sogla\u0161a z veljavnimi pravili in splo\u0161nimi pogoji, objavljenimi na tem spletnem mestu. Na tem mestu lahko uporabnik redno spremlja morebitne spremembe splo\u0161nih pogojev in pravil ter posledi\u010dno na\u010din in namen obdelave zbranih osebnih podatkov.<\/p>\n<p style=\"text-align: justify;\">Zavod Rjavi tukan. kot upravljavec podatkov lahko podatke v anonimizirani sumarni obliki uporabi za namene statisti\u010dnih analiz. Zavod Rjavi tukan podatkov o uporabniku\u00a0 v nobenem primeru ne bo predal nepoobla\u0161\u010denim osebam.<\/p>\n<div style=\"text-align: justify;\"><strong>Prijava na e-novice<\/strong><\/div>\n<p style=\"text-align: justify;\">Uporabnik se lahko prijavi na e-novice, s katerimi ga Zavod Rjavi tukan do preklica obve\u0161\u010da o novostih v ponudbi na spletu in ostalih prodajnih mestih, o marketin\u0161kih aktivnostih in drugih promocijah. S prijavo na e-novice se uporabnik vpi\u0161e v seznam prejemnikov e-novic, ki je isto\u010dasno tudi baza prejemnikov ugodnosti, ki jih Zavod Rjavi tukan lahko nudi svojim uporabnikom (popusti za zvestobo, mese\u010dna nagradna igra ipd.). Za prijavo na e-novice Zavod Rjavi tukan zbira slede\u010de podatke: ime in priimek, naslov elektronske po\u0161te.<\/p>\n<p style=\"text-align: justify;\">Po poslanem obrazcu z elektronskim naslovom je uporabnik do preklica prijavljen na e-novice Zavoda Rjavi tukan. Kadarkoli lahko pisno ali s klikom na gumb &#8220;Odjava&#8221; v e-novicah zahteva, da upravljavec osebnih podatkov trajno ali za\u010dasno preneha uporabljati njegove osebne podatke za namene neposrednega tr\u017eenja. Zahtevi bo ugodeno v 15 dneh od dneva prejema zahteve, kot predpisuje zakon. Uporabnik lahko zahteva tudi prenos podatkov ali seznanitev z njimi. Upravljavec podatkov Zavod Rjavi tukan se zavezuje, da bo podatke skrbno varoval skladno z zakonodajo, ki ureja varovanje osebnih podatkov. E-novice Zavod Rjavi tukan po\u0161ilja preko spletne aplikacije MailChimp.<\/p>\n<div style=\"text-align: justify;\"><strong>Sodelovanje v nagradnih igrah<\/strong><\/div>\n<p style=\"text-align: justify;\">Obdelavo podatkov, zbranih s sodelovanjem v nagradnih igrah, urejajo pravilniki o nagradnih igrah.<\/p>\n<div style=\"text-align: justify;\"><strong>Registracija uporabnika<\/strong><\/div>\n<p style=\"text-align: justify;\">V spletni trgovini Zavoda Rjavi tukan se lahko posameznik prijavi kot registrirani uporabnik. Vsebine spletne trgovine so dostopne tudi anonimnim neregistriranim uporabnikom (gostom). Registrirani uporabniki v postopku registracije posredujejo zahtevane podatke. Vsak registriran uporabnik dobi svoje uporabni\u0161ko ime in geslo, ki je tajno. Uporabnik je dol\u017ean zagotoviti, da bo s svojim uporabni\u0161kim imenom in geslom upravljal izklju\u010dno sam oz. z njegove strani poobla\u0161\u010dena oseba. Vsak uporabnik samostojno odgovarja za vsebine, ki jih vpi\u0161e na straneh www.rjavitukan.si. Kon\u010dni kupec v spletni trgovini www.rjavitukan.si je izklju\u010dno tisti registrirani uporabnik oz. neregistrirani uporabnik (gost), ki kupuje blago za osebne namene ali nepridobitno dejavnost. Na spletnih straneh www.rjavitukan.si sta lahko kupec tako pravna kot fizi\u010dna oseba. Pri po\u0161iljanju kupljenih izdelkov na naro\u010dnikov naslov naro\u010dnik poravna stro\u0161ke po\u0161iljanja. Pri nakupu nad 50\u20ac je po\u0161iljanje znotraj Slovenije brezpla\u010dno.<\/p>\n<p style=\"text-align: justify;\">V primeru, da se uporabnik registrira, bo Zavod Rjavi tukan vpisane podatke do preklica uporabljal za obdelavo uporabnikovega naro\u010dila, pripravo \u0161e bolj relevantnih ponudb in marketin\u0161ke analize, ki bodo pomagale izbolj\u0161ati prodajni proces. Podatki bodo lahko uporabljeni tudi za ponovno tr\u017eenje. Uporabniku registracija olaj\u0161a spremljanje preteklih nakupov in skraj\u0161a nakupni postopek. Zavod Rjavi tukan podatke hrani do preklica ali odjave, skladno s slovensko zakonodajo. Uporabnik se lahko kadarkoli pisno odjavi z e-sporo\u010dilom, poslanim na ziga@rjavitukan.si ali s klikom na gumb &#8220;Izbris ra\u010duna&#8221;. V primeru, da uporabnik \u017eeli izbrisati uporabni\u0161ki ra\u010dun, mora e-sporo\u010dilo vsebovati naslednje: naslov sporo\u010dila naj bo &#8220;Ukinitev uporabni\u0161kega ra\u010duna&#8221;; v vsebini morata biti navedena ime in priimek uporabnika, naslov in kraj bivanja ter naslov elektronske po\u0161te, s katerim se je uporabnik registriral; sporo\u010dilo mora biti poslano z elektronskega naslova, s katerim je uporabnik prijavljen kor registrirani \u010dlan.<\/p>\n<div style=\"text-align: justify;\"><strong>Nakupovanje kot gost<\/strong><\/div>\n<p style=\"text-align: justify;\">V primeru, da uporabnik naro\u010dilo izvede kot gost, bo Zavod Rjavi tukan vpisane podatke uporabil za obdelavo oddanega naro\u010dila. Zavod Rjavi tukan mora kot dav\u010dni zavezanec v skladu s 86. \u010dlenom ZDDV zagotoviti hrambo ra\u010dunov, ki se nana\u0161ajo na dobave blaga ali storitev na ozemlju Slovenije najmanj 10 let po poteku leta, na katero se ra\u010duni nana\u0161ajo \u2013 s tem pa se hranijo tudi podatki, ki so na ra\u010dunu.<\/p>\n<p style=\"text-align: justify;\"><strong>Kontaktni obrazci in posredovanje e-sporo\u010dil<\/strong><\/p>\n<p style=\"text-align: justify;\">Uporabnik lahko Zavodu Rjavi tukan posreduje specifi\u010dna vpra\u0161anja tudi preko kontaktnih obrazcev ali e-naslovov, objavljenih na spletnem mestu &#8211; in s tem upravljavcu zaupa navedene podatke. Ti bodo uporabljeni za re\u0161itev uporabnikovega vpra\u0161anja. E-naslovi, navedeni na spletni strani, niso osebni, pa\u010d pa poslovni e-naslovi. Torej niso vezani na eno fizi\u010dno osebo, temve\u010d lahko podatke, posredovane na ta na\u010din, obdelujejo razli\u010dne osebe z namenom hitre in u\u010dinkovite re\u0161itve uporabnikovega vpra\u0161anja. S po\u0161iljanjem e-sporo\u010dila preko spletnega obrazca ali na naslove, navedene na tem spletnem mestu, uporabnik izrecno sogla\u0161a s splo\u0161nimi pogoji uporabe spletnega mesta www.rjavitukan.si.<\/p>\n<p style=\"text-align: justify;\"><strong>Pravice uporabnika<\/strong><\/p>\n<p style=\"text-align: justify;\">Uporabnik lahko kadarkoli zaprosi za seznanitev z osebnimi podatki, ki jih upravljavec obdeluje, za njihovo omejitev, izbris, popravek ali prenos. Kakr\u0161nakoli vpra\u0161anja v povezavi z varovanjem osebnih podatkov na spletnem mestu rjavitukan.si lahko naslovi tudi na elektronski naslov ziga@rjavitukan.si.<\/p>\n<p style=\"text-align: justify;\"><strong>Zagotavljanje varnosti podatkov<\/strong><\/p>\n<p style=\"text-align: justify;\">Podatki, ki jih uporabnik posreduje preko obrazcev na straneh spleti\u0161\u010da www.rjavitukan.si ali kako druga\u010de (preko e-maila, telefona idr.), so zaupni in se obravnavajo v skladu z veljavno slovensko zakonodajo. Osebne podatke bo Zavod Rjavi tukan varoval in prepre\u010deval njihovo zlorabo. Osebni podatki bodo uporabljeni le za namene, za katere je uporabnik dal svoje soglasje. Dostop do osebnih podatkov imajo zgolj s strani Zavoda Rjavi tukan poobla\u0161\u010dene osebe (zaposleni, pogodbeni partnerji) z uporabni\u0161kim imenom in geslom. Za varovanje osebnih podatkov je odgovoren tudi uporabnik sam, tako da poskrbi za varnost svojega uporabni\u0161kega imena in gesla.<\/p>\n<p style=\"text-align: justify;\">Zavod Rjavi tukan za prenose vseh osebnih podatkov uporabnika uporablja tehnologijo SSL, ki skrbi za kodiranje vseh informacij, poslanih z naro\u010dili. Podatki o pla\u010dilni kartici, ki jih uporabnik vnese v primeru tak\u0161nega na\u010dina pla\u010dila, se v kodirani obliki prenesejo iz uporabnikovega ra\u010dunalnika neposredno v spletni vmesnik za pla\u010devanje (Stripe). Posredovanje podatkov poobla\u0161\u010denim partnerjem, ki jih uporabnik zaupa upravljavcu, so zaupni. Zavod RJavi tukan jih ne posreduje nepoobla\u0161\u010denim tretjim osebam. Osebne podatke pa lahko posreduje zaupanja vrednim partnerjem ali po zakonski dol\u017enosti, skladno z veljavnim Zakonom o varstvu osebnih podatkov. Podatki so lahko posredovani:<br \/>\n&#8211; h\u010derinskim dru\u017ebam zaradi obdelave naro\u010dil kupcev, vezanih na posamezno h\u010derinsko dru\u017ebo<br \/>\n&#8211; dru\u017ebam za obdelavo podatkov in informacijske storitve, ki zagotavljajo nemoteno delovanje spletnega mesta in njegove izbolj\u0161ave (gostovanje na stre\u017eniku, e-mail marketing idr.)<br \/>\n&#8211; marketin\u0161kim agencijam za namen ponovnega tr\u017eenja (v kriptirani obliki)<br \/>\n&#8211; podjetjem, ki zagotavljajo nemoten proces nakupa (Paypal, Stripe, dostavne slu\u017ebe ipd.), vendar le v meri, ki je nujna za uspe\u0161no izvedbo naro\u010dila<br \/>\n&#8211; poobla\u0161\u010denim ustanovam, \u010de tako zahteva zakon (sodi\u0161\u010de ipd.).<\/p>\n<p style=\"text-align: justify;\">Vsi partnerji, ki imajo dostop do osebnih podatkov, so zavezani k skrbnemu ravnanju s podatki, skladno z evropsko zakonodajo.<\/p>\n<p style=\"text-align: justify;\"><strong>Privolitev<\/strong><\/p>\n<p style=\"text-align: justify;\">Z uporabo spletnega mesta www.rjavitukan.si uporabnik izrecno sogla\u0161a s splo\u0161nimi pogoji uporabe, objavljenimi na tem spletnem mestu. Na tem mestu lahko uporabnik redno spremlja morebitne spremembe splo\u0161nih pogojev ter posledi\u010dno na\u010din in namen obdelave zbranih osebnih podatkov.<\/p>\n<p style=\"text-align: justify;\"><strong>Povezava z dru\u017ebenimi omre\u017eji<\/strong><\/p>\n<p style=\"text-align: justify;\">S klikom na ikono posameznega dru\u017ebenega omre\u017eja (Facebook, Instagram), ki se nahaja na spletni strani www.rjavitukan.si, lahko uporabnik preprosto dostopa do profilov Zavoda Rjavi tukan na dru\u017ebenih omre\u017ejih in do objav drugih profilov na dru\u017ebenih omre\u017ejih z vsebino, vezano na Zavod Rjavi tukan. Klik na te gumbe (ikone) dru\u017ebenemu omre\u017eju omogo\u010da, da uporabniku hitro ponudi relevantne informacije, glede na njegovo spletno aktivnost.<\/p>\n<p style=\"text-align: justify;\">Upravljavec osebnih podatkov je Zavod Rjavi tukan, Ur\u0161i\u010dev \u0161tradon 40, 1000 Ljubljana, D\u0160 SI92456898. Morebitna vpra\u0161anja o zasebnosti in obdelavi osebnih podatkov lahko uporabnik naslovi na ziga@rjavitukan.si<\/p>\n","protected":false},"excerpt":{"rendered":"<p>Vrsta zbranih podatkov Zavod Rjavi tukan zbira slede\u010de osebne podatke za potrebe poslovanja: ime in priimek, naslov in kraj bivanja, naslov elektronske po\u0161te, kontaktno telefonsko \u0161tevilko, geslo v \u0161ifrirani obliki ter ostale podatke, ki jih uporabnik vnese v obrazce na spletnem mestu www.rjavitukan.si. Zavod Rjavi tukan ne odgovarja za to\u010dnost podatkov, ki jih vnese uporabnik. [&hellip;]<\/p>\n","protected":false},"author":1,"featured_media":0,"parent":0,"menu_order":0,"comment_status":"closed","ping_status":"open","template":"","meta":{"_et_pb_use_builder":"","_et_pb_old_content":"","_et_gb_content_width":"","footnotes":""},"class_list":["post-3","page","type-page","status-publish","hentry"],"_links":{"self":[{"href":"https:\/\/www.rjavitukan.si\/si\/wp-json\/wp\/v2\/pages\/3","targetHints":{"allow":["GET"]}}],"collection":[{"href":"https:\/\/www.rjavitukan.si\/si\/wp-json\/wp\/v2\/pages"}],"about":[{"href":"https:\/\/www.rjavitukan.si\/si\/wp-json\/wp\/v2\/types\/page"}],"author":[{"embeddable":true,"href":"https:\/\/www.rjavitukan.si\/si\/wp-json\/wp\/v2\/users\/1"}],"replies":[{"embeddable":true,"href":"https:\/\/www.rjavitukan.si\/si\/wp-json\/wp\/v2\/comments?post=3"}],"version-history":[{"count":8,"href":"https:\/\/www.rjavitukan.si\/si\/wp-json\/wp\/v2\/pages\/3\/revisions"}],"predecessor-version":[{"id":50295,"href":"https:\/\/www.rjavitukan.si\/si\/wp-json\/wp\/v2\/pages\/3\/revisions\/50295"}],"wp:attachment":[{"href":"https:\/\/www.rjavitukan.si\/si\/wp-json\/wp\/v2\/media?parent=3"}],"curies":[{"name":"wp","href":"https:\/\/api.w.org\/{rel}","templated":true}]}}