{"id":50786,"date":"2023-12-21T11:33:29","date_gmt":"2023-12-21T11:33:29","guid":{"rendered":"https:\/\/www.rjavitukan.si\/?post_type=product&#038;p=50786"},"modified":"2026-04-20T17:33:38","modified_gmt":"2026-04-20T17:33:38","slug":"fruit-season","status":"publish","type":"product","link":"https:\/\/www.rjavitukan.si\/en\/product\/fruit-season\/","title":{"rendered":"Fruit Season"},"content":{"rendered":"<p>[et_pb_section fb_built=&#8221;1&#8243; _builder_version=&#8221;4.16&#8243; custom_padding=&#8221;0px||1px||false|false&#8221; global_colors_info=&#8221;{}&#8221;][et_pb_row _builder_version=&#8221;4.16&#8243; background_size=&#8221;initial&#8221; background_position=&#8221;top_left&#8221; background_repeat=&#8221;repeat&#8221; width=&#8221;100%&#8221; custom_padding=&#8221;0px||0px||false|false&#8221; global_colors_info=&#8221;{}&#8221;][et_pb_column type=&#8221;4_4&#8243; _builder_version=&#8221;4.16&#8243; custom_padding=&#8221;|||&#8221; global_colors_info=&#8221;{}&#8221; custom_padding__hover=&#8221;|||&#8221;][et_pb_wc_breadcrumb _builder_version=&#8221;4.16&#8243; global_colors_info=&#8221;{}&#8221;][\/et_pb_wc_breadcrumb][et_pb_wc_cart_notice _builder_version=&#8221;4.16&#8243; global_colors_info=&#8221;{}&#8221;][\/et_pb_wc_cart_notice][\/et_pb_column][\/et_pb_row][et_pb_row column_structure=&#8221;1_2,1_2&#8243; custom_padding_last_edited=&#8221;on|phone&#8221; _builder_version=&#8221;4.16&#8243; background_size=&#8221;initial&#8221; background_position=&#8221;top_left&#8221; background_repeat=&#8221;repeat&#8221; width=&#8221;100%&#8221; custom_padding=&#8221;0px||||false|false&#8221; custom_padding_tablet=&#8221;&#8221; custom_padding_phone=&#8221;0px||20px||false|false&#8221; global_colors_info=&#8221;{}&#8221;][et_pb_column type=&#8221;1_2&#8243; _builder_version=&#8221;4.16&#8243; custom_padding=&#8221;|||&#8221; global_colors_info=&#8221;{}&#8221; custom_padding__hover=&#8221;|||&#8221;][et_pb_wc_images _builder_version=&#8221;4.16&#8243; global_colors_info=&#8221;{}&#8221;][\/et_pb_wc_images][\/et_pb_column][et_pb_column type=&#8221;1_2&#8243; _builder_version=&#8221;4.16&#8243; custom_padding=&#8221;|||&#8221; global_colors_info=&#8221;{}&#8221; custom_padding__hover=&#8221;|||&#8221;][et_pb_wc_title _builder_version=&#8221;4.16&#8243; global_colors_info=&#8221;{}&#8221;][\/et_pb_wc_title][et_pb_wc_rating _builder_version=&#8221;4.16&#8243; global_colors_info=&#8221;{}&#8221;][\/et_pb_wc_rating][et_pb_wc_price _builder_version=&#8221;4.16&#8243; global_colors_info=&#8221;{}&#8221;][\/et_pb_wc_price][et_pb_wc_description _builder_version=&#8221;4.16&#8243; global_colors_info=&#8221;{}&#8221;][\/et_pb_wc_description][et_pb_wc_add_to_cart _builder_version=&#8221;4.27.4&#8243; fields_background_color=&#8221;#009bf4&#8243; fields_text_color=&#8221;#FFFFFF&#8221; dropdown_menus_background_color=&#8221;#009bf4&#8243; dropdown_menus_text_color=&#8221;#ffffff&#8221; dropdown_menus_focus_background_color=&#8221;#ffffff&#8221; dropdown_menus_focus_text_color=&#8221;#009bf4&#8243; dropdown_menus_custom_margin=&#8221;0px||0px||false|false&#8221; dropdown_menus_custom_margin_tablet=&#8221;&#8221; dropdown_menus_custom_margin_phone=&#8221;&#8221; dropdown_menus_custom_margin_last_edited=&#8221;on|desktop&#8221; custom_button=&#8221;on&#8221; button_border_color=&#8221;#009bf4&#8243; button_icon_color=&#8221;#009bf4&#8243; button_custom_margin=&#8221;|||45px|false|false&#8221; button_custom_margin_tablet=&#8221;&#8221; button_custom_margin_phone=&#8221;|||0px|false|false&#8221; button_custom_margin_last_edited=&#8221;on|phone&#8221; button_custom_padding_tablet=&#8221;&#8221; button_custom_padding_phone=&#8221;&#8221; button_custom_padding_last_edited=&#8221;on|desktop&#8221; global_colors_info=&#8221;{}&#8221;][\/et_pb_wc_add_to_cart][et_pb_wc_meta _builder_version=&#8221;4.16&#8243; custom_margin_tablet=&#8221;&#8221; custom_margin_phone=&#8221;||-15px||false|false&#8221; custom_margin_last_edited=&#8221;on|phone&#8221; global_colors_info=&#8221;{}&#8221;][\/et_pb_wc_meta][\/et_pb_column][\/et_pb_row][et_pb_row _builder_version=&#8221;4.16&#8243; background_size=&#8221;initial&#8221; background_position=&#8221;top_left&#8221; background_repeat=&#8221;repeat&#8221; width=&#8221;100%&#8221; custom_padding=&#8221;||0px|||&#8221; global_colors_info=&#8221;{}&#8221;][et_pb_column type=&#8221;4_4&#8243; _builder_version=&#8221;4.16&#8243; custom_padding=&#8221;|||&#8221; global_colors_info=&#8221;{}&#8221; custom_padding__hover=&#8221;|||&#8221;][et_pb_wc_tabs _builder_version=&#8221;4.16&#8243; global_colors_info=&#8221;{}&#8221;] [\/et_pb_wc_tabs][et_pb_wc_upsells _builder_version=&#8221;4.16&#8243; global_colors_info=&#8221;{}&#8221;][\/et_pb_wc_upsells][\/et_pb_column][\/et_pb_row][et_pb_row column_structure=&#8221;1_2,1_2&#8243; _builder_version=&#8221;4.16&#8243; _module_preset=&#8221;default&#8221; width=&#8221;100%&#8221; custom_padding=&#8221;0px|||||&#8221; global_colors_info=&#8221;{}&#8221;][et_pb_column type=&#8221;1_2&#8243; _builder_version=&#8221;4.16&#8243; _module_preset=&#8221;default&#8221; global_colors_info=&#8221;{}&#8221;][et_pb_image src=&#8221;https:\/\/www.rjavitukan.si\/wp-content\/uploads\/2023\/12\/Coffee-fields-semente.jpg&#8221; title_text=&#8221;Coffee fields semente&#8221; _builder_version=&#8221;4.27.5&#8243; _module_preset=&#8221;default&#8221; global_colors_info=&#8221;{}&#8221;][\/et_pb_image][\/et_pb_column][et_pb_column type=&#8221;1_2&#8243; _builder_version=&#8221;4.16&#8243; _module_preset=&#8221;default&#8221; global_colors_info=&#8221;{}&#8221;][et_pb_image src=&#8221;https:\/\/www.rjavitukan.si\/wp-content\/uploads\/2023\/12\/Semente.jpg&#8221; title_text=&#8221;Semente&#8221; _builder_version=&#8221;4.27.4&#8243; _module_preset=&#8221;default&#8221; global_colors_info=&#8221;{}&#8221;][\/et_pb_image][\/et_pb_column][\/et_pb_row][et_pb_row _builder_version=&#8221;4.16&#8243; _module_preset=&#8221;default&#8221; width=&#8221;100%&#8221; custom_padding=&#8221;||0px|||&#8221; global_colors_info=&#8221;{}&#8221;][et_pb_column type=&#8221;4_4&#8243; _builder_version=&#8221;4.16&#8243; _module_preset=&#8221;default&#8221; global_colors_info=&#8221;{}&#8221;][\/et_pb_column][\/et_pb_row][\/et_pb_section]<\/p>\n","protected":false},"excerpt":{"rendered":"<p class=\"translation-block\">Brazilian specialty coffee. A pleasant coffee with a <strong>subtle, delicate acidity<\/strong> of medium intensity. Delicate notes of <strong>berries, peaches, and caramel<\/strong> will unfold in your cup.<\/p>","protected":false},"featured_media":50915,"comment_status":"closed","ping_status":"closed","template":"","meta":{"_et_pb_use_builder":"on","_et_pb_old_content":"<b>Oeiras dru\u017eine Aguiar <\/b>predstavlja odli\u010den <strong>brazilski mikrolot<\/strong><strong>. <\/strong>Prisotne so klasi\u010dne note\u00a0<strong>karamele<\/strong>, vendar pa boste u\u017eivali tudi ob zelo prijetnih notah <strong>jagodi\u010devja, breskve<\/strong> in <strong>manga<\/strong>. <strong>Kislost<\/strong> je <strong>srednje visoka<\/strong>, toda <strong>ne\u017ena. <\/strong><strong>Telo<\/strong> je <strong>srednje polno<\/strong><strong>, pookus<\/strong> pa je <strong>dolg<\/strong>. Kava <b>Fruit Season<\/b>\u00a0je bila obdelana <strong>naravno<\/strong>, kar pomeni da so se zrna su\u0161ila v \u010de\u0161njah, ki so bile odstranjene po kon\u010danem ciklu su\u0161enja na\u00a0<strong>su\u0161ilnih mizah.\u00a0<\/strong>\u0160e pred su\u0161enjem pa je dru\u017eina Aguiar \u010de\u0161nje stresla v sode, jih zatesnila in v njih kavo fermentirala brez dostopa zraka -\u00a0<strong>anaerobna fermentacija<\/strong>.\r\n\r\n<strong>Dru\u017eina Aguiar<\/strong>\u00a0z ljubeznijo prideluje kavo \u017ee devet generacij.\r\nVse se je za\u010delo\u00a0<strong>leta 1860<\/strong>, ko je dru\u017eina Aguiar za\u010dela pridelovati kavo v mestecu Santo Ant\u00f4nio do Amparo na\u00a0<strong>jugu Minas Geraisa<\/strong>, regije, znane po pridelavi kave. Prvo poglavje farme\u00a0<strong>Fazenda Semente<\/strong>\u00a0se je za\u010delo pisati v sedemdesetih letih prej\u0161njega stoletja, ko sta o\u010de in dedek Edmundo Coutinho Aguiar spakirala kov\u010dke in se preselila v\u00a0<strong>Patroc\u00ednio<\/strong>\u00a0v pokrajini\u00a0<strong>Cerrado Mineiro<\/strong>. Prva kavovca je posadil leta\u00a0<strong>1988<\/strong>\u00a0na povr\u0161ini 24 hektarjev.\r\n\r\nDru\u017eina Aguiar \u0161e vedno ponosno prideluje kavo na isti kmetiji kot pred leti, vendar na ve\u010djem pridelovalnem obmo\u010dju. Svoje delo nadaljujejo z neomajno strastjo, predanostjo in spo\u0161tovanjem do kavnih \u010de\u0161enj, ki jih pridelujejo, hkrati pa se poklanjajo\u00a0<strong>tradicionalnim kmetijskim praksam<\/strong>\u00a0ter sprejemajo\u00a0<strong>nove tehnologije<\/strong>\u00a0in pristope za\u00a0<strong>trajnostno poslovanje<\/strong>. Rezultat je kombinacija sodobnosti in tradicije, ki zagotavlja kakovost v vsaki skodelici.\r\n\r\n<strong>Cerrado de Minas<\/strong>\u00a0je prva brazilska regija za pridelovanje kave, ki je dobila status ozna\u010dbe porekla (Cerrado Mineiro), s \u010dimer ji je bil podarjen status, podoben vinorodnim regijam. Z nadmorsko vi\u0161ino\u00a0<strong>800\u20131300 m<\/strong>\u00a0in natan\u010dno dolo\u010denimi letnimi \u010dasi (vla\u017eno poletje in blaga do suha zima) je ta regija zelo primerna za gojenje kave. Priljubljeni vrsti tu sta\u00a0<strong>Mundo Novo<\/strong>\u00a0in\u00a0<strong>Catua\u00ed<\/strong>. Od leta 2016 je\u00a0<b>Fazenda Semente\u00a0<\/b>certificirana z mednarodnimi pe\u010dati\u00a0<strong>Rainforest Alliance<\/strong>\u00a0in\u00a0<strong>4C<\/strong>. Skozi kmetijo poteka ohranjen ekolo\u0161ki koridor, ki omogo\u010da razcvet lokalne flore in favne.\r\n\r\n<strong>Cerrado de Minas<\/strong> je prva brazilska regija za pridelovanje kave, ki je dobila status ozna\u010dbe porekla (Cerrado Mineiro), s \u010dimer ji je bil podarjen status, podoben vinorodnim regijam. Z nadmorsko vi\u0161ino <strong>800\u20131300 m<\/strong> in natan\u010dno dolo\u010denimi letnimi \u010dasi (vla\u017eno poletje in blaga do suha zima) je ta regija zelo primerna za gojenje kave. Priljubljeni vrsti tu sta <strong>Mundo Novo<\/strong> in <strong>Catua\u00ed<\/strong>.","_et_gb_content_width":""},"product_brand":[],"product_cat":[20],"product_tag":[],"class_list":{"0":"post-50786","1":"product","2":"type-product","3":"status-publish","4":"has-post-thumbnail","6":"product_cat-kava","8":"first","9":"instock","10":"taxable","11":"shipping-taxable","12":"purchasable","13":"product-type-variable"},"_links":{"self":[{"href":"https:\/\/www.rjavitukan.si\/en\/wp-json\/wp\/v2\/product\/50786","targetHints":{"allow":["GET"]}}],"collection":[{"href":"https:\/\/www.rjavitukan.si\/en\/wp-json\/wp\/v2\/product"}],"about":[{"href":"https:\/\/www.rjavitukan.si\/en\/wp-json\/wp\/v2\/types\/product"}],"replies":[{"embeddable":true,"href":"https:\/\/www.rjavitukan.si\/en\/wp-json\/wp\/v2\/comments?post=50786"}],"wp:featuredmedia":[{"embeddable":true,"href":"https:\/\/www.rjavitukan.si\/en\/wp-json\/wp\/v2\/media\/50915"}],"wp:attachment":[{"href":"https:\/\/www.rjavitukan.si\/en\/wp-json\/wp\/v2\/media?parent=50786"}],"wp:term":[{"taxonomy":"product_brand","embeddable":true,"href":"https:\/\/www.rjavitukan.si\/en\/wp-json\/wp\/v2\/product_brand?post=50786"},{"taxonomy":"product_cat","embeddable":true,"href":"https:\/\/www.rjavitukan.si\/en\/wp-json\/wp\/v2\/product_cat?post=50786"},{"taxonomy":"product_tag","embeddable":true,"href":"https:\/\/www.rjavitukan.si\/en\/wp-json\/wp\/v2\/product_tag?post=50786"}],"curies":[{"name":"wp","href":"https:\/\/api.w.org\/{rel}","templated":true}]}}