{"id":50760,"date":"2023-09-03T16:15:49","date_gmt":"2023-09-03T16:15:49","guid":{"rendered":"https:\/\/www.rjavitukan.si\/?post_type=product&#038;p=50760"},"modified":"2026-05-11T17:08:21","modified_gmt":"2026-05-11T17:08:21","slug":"sweet-bloom-green-coffee","status":"publish","type":"product","link":"https:\/\/www.rjavitukan.si\/en\/product\/sweet-bloom-green-coffee\/","title":{"rendered":"Sweet Bloom, Green Coffee"},"content":{"rendered":"<p>[et_pb_section fb_built=&#8221;1&#8243; _builder_version=&#8221;4.16&#8243; custom_padding=&#8221;0px||||false|false&#8221; global_colors_info=&#8221;{}&#8221;][et_pb_row _builder_version=&#8221;4.16&#8243; background_size=&#8221;initial&#8221; background_position=&#8221;top_left&#8221; background_repeat=&#8221;repeat&#8221; width=&#8221;100%&#8221; custom_padding=&#8221;0px||0px||false|false&#8221; global_colors_info=&#8221;{}&#8221;][et_pb_column type=&#8221;4_4&#8243; _builder_version=&#8221;4.16&#8243; custom_padding=&#8221;|||&#8221; global_colors_info=&#8221;{}&#8221; custom_padding__hover=&#8221;|||&#8221;][et_pb_wc_breadcrumb _builder_version=&#8221;4.16&#8243; global_colors_info=&#8221;{}&#8221;][\/et_pb_wc_breadcrumb][et_pb_wc_cart_notice _builder_version=&#8221;4.16&#8243; global_colors_info=&#8221;{}&#8221;][\/et_pb_wc_cart_notice][\/et_pb_column][\/et_pb_row][et_pb_row column_structure=&#8221;1_2,1_2&#8243; custom_padding_last_edited=&#8221;on|phone&#8221; _builder_version=&#8221;4.16&#8243; background_size=&#8221;initial&#8221; background_position=&#8221;top_left&#8221; background_repeat=&#8221;repeat&#8221; width=&#8221;100%&#8221; custom_padding=&#8221;0px||||false|false&#8221; custom_padding_tablet=&#8221;&#8221; custom_padding_phone=&#8221;||20px||false|false&#8221; global_colors_info=&#8221;{}&#8221;][et_pb_column type=&#8221;1_2&#8243; _builder_version=&#8221;4.16&#8243; custom_padding=&#8221;|||&#8221; global_colors_info=&#8221;{}&#8221; custom_padding__hover=&#8221;|||&#8221;][et_pb_wc_images _builder_version=&#8221;4.16&#8243; global_colors_info=&#8221;{}&#8221;][\/et_pb_wc_images][\/et_pb_column][et_pb_column type=&#8221;1_2&#8243; _builder_version=&#8221;4.16&#8243; custom_padding=&#8221;|||&#8221; global_colors_info=&#8221;{}&#8221; custom_padding__hover=&#8221;|||&#8221;][et_pb_wc_title _builder_version=&#8221;4.16&#8243; global_colors_info=&#8221;{}&#8221;][\/et_pb_wc_title][et_pb_wc_rating _builder_version=&#8221;4.16&#8243; global_colors_info=&#8221;{}&#8221;][\/et_pb_wc_rating][et_pb_wc_price _builder_version=&#8221;4.16&#8243; global_colors_info=&#8221;{}&#8221;][\/et_pb_wc_price][et_pb_wc_description _builder_version=&#8221;4.16&#8243; global_colors_info=&#8221;{}&#8221;][\/et_pb_wc_description][et_pb_wc_add_to_cart _builder_version=&#8221;4.27.4&#8243; fields_background_color=&#8221;#009bf4&#8243; fields_text_color=&#8221;#FFFFFF&#8221; dropdown_menus_background_color=&#8221;#009bf4&#8243; dropdown_menus_text_color=&#8221;#ffffff&#8221; dropdown_menus_focus_background_color=&#8221;#ffffff&#8221; dropdown_menus_focus_text_color=&#8221;#009bf4&#8243; dropdown_menus_custom_margin=&#8221;9px||||false|false&#8221; dropdown_menus_custom_margin_tablet=&#8221;&#8221; dropdown_menus_custom_margin_phone=&#8221;&#8221; dropdown_menus_custom_margin_last_edited=&#8221;on|desktop&#8221; custom_button=&#8221;on&#8221; button_custom_margin=&#8221;|||40px|false|false&#8221; button_custom_margin_tablet=&#8221;&#8221; button_custom_margin_phone=&#8221;|||0px|false|false&#8221; button_custom_margin_last_edited=&#8221;on|phone&#8221; global_colors_info=&#8221;{}&#8221;][\/et_pb_wc_add_to_cart][et_pb_wc_meta _builder_version=&#8221;4.16&#8243; custom_margin_tablet=&#8221;&#8221; custom_margin_phone=&#8221;||-17px||false|false&#8221; custom_margin_last_edited=&#8221;on|phone&#8221; global_colors_info=&#8221;{}&#8221;][\/et_pb_wc_meta][et_pb_code _builder_version=&#8221;4.16&#8243; _module_preset=&#8221;default&#8221; global_colors_info=&#8221;{}&#8221;]<\/p>\n<div id=\"artisanplus\" style=\"display: flex; align-items: center; padding-bottom: 0; font-size: 15px;\">Add to your<a style=\"padding: 0px 5px; font-size: 15px;\" href=\"https:\/\/artisan.plus\/en\/add;source=rjavitukan;id=ibc12\" target=\"_new\" rel=\"noopener\" data-open-accessibility-text-original=\"15px\"><img decoding=\"async\" style=\"height: 22px; vertical-align: text-top;\" src=\"https:\/\/artisan.plus\/en\/assets\/images\/artisan-plus-badge.svg\" alt=\"\"><\/a>account<\/div>\n<p><!-- [et_pb_line_break_holder] -->[\/et_pb_code][\/et_pb_column][\/et_pb_row][et_pb_row custom_padding_last_edited=&#8221;on|desktop&#8221; _builder_version=&#8221;4.16&#8243; background_size=&#8221;initial&#8221; background_position=&#8221;top_left&#8221; background_repeat=&#8221;repeat&#8221; width=&#8221;100%&#8221; custom_padding=&#8221;||0px||false|false&#8221; custom_padding_tablet=&#8221;&#8221; custom_padding_phone=&#8221;&#8221; global_colors_info=&#8221;{}&#8221;][et_pb_column type=&#8221;4_4&#8243; _builder_version=&#8221;4.16&#8243; custom_padding=&#8221;|||&#8221; global_colors_info=&#8221;{}&#8221; custom_padding__hover=&#8221;|||&#8221;][et_pb_wc_tabs _builder_version=&#8221;4.16&#8243; global_colors_info=&#8221;{}&#8221;] [\/et_pb_wc_tabs][et_pb_wc_upsells _builder_version=&#8221;4.16&#8243; global_colors_info=&#8221;{}&#8221;][\/et_pb_wc_upsells][\/et_pb_column][\/et_pb_row][et_pb_row column_structure=&#8221;1_2,1_2&#8243; _builder_version=&#8221;4.27.5&#8243; _module_preset=&#8221;default&#8221; global_colors_info=&#8221;{}&#8221;][et_pb_column type=&#8221;1_2&#8243; _builder_version=&#8221;4.27.5&#8243; _module_preset=&#8221;default&#8221; global_colors_info=&#8221;{}&#8221;][et_pb_image src=&#8221;https:\/\/www.rjavitukan.si\/wp-content\/uploads\/2023\/09\/Florada.jpeg&#8221; title_text=&#8221;Florada&#8221; _builder_version=&#8221;4.27.5&#8243; _module_preset=&#8221;default&#8221; global_colors_info=&#8221;{}&#8221;][\/et_pb_image][\/et_pb_column][et_pb_column type=&#8221;1_2&#8243; _builder_version=&#8221;4.27.5&#8243; _module_preset=&#8221;default&#8221; global_colors_info=&#8221;{}&#8221;][et_pb_image src=&#8221;https:\/\/www.rjavitukan.si\/wp-content\/uploads\/2023\/09\/Pulped-natural-semente.jpg&#8221; title_text=&#8221;Pulped natural semente&#8221; _builder_version=&#8221;4.27.5&#8243; _module_preset=&#8221;default&#8221; global_colors_info=&#8221;{}&#8221;][\/et_pb_image][\/et_pb_column][\/et_pb_row][\/et_pb_section]<\/p>\n","protected":false},"excerpt":{"rendered":"<p class=\"translation-block\">Brazilian specialty coffee for discerning coffee lovers. A delicious blend of <strong>honey, vanilla<\/strong>, and <strong>brown sugar<\/strong>, complemented by a <strong>delicate floral aroma<\/strong>.<\/p>","protected":false},"featured_media":50765,"comment_status":"closed","ping_status":"closed","template":"","meta":{"_et_pb_use_builder":"on","_et_pb_old_content":"<strong>Sweet Bloom<\/strong> predstavlja <strong>ne\u017eno in sladko <\/strong>kavo s prijetnim pridihom <strong>vanilije<\/strong>. V skodelici prevladujejo note <strong>rjavega sladkorja in medu<\/strong>, za\u010dutili pa boste tudi <strong>vanilijo<\/strong>. Za tisto res popolno jutranje razvajanje pa poskrbi \u0161e ne\u017ena <strong>floralna aroma<\/strong>. Med pitjem boste lahko u\u017eivali v <strong>kremnem<\/strong>, <strong>srednje mo\u010dnem telesu<\/strong>. \u010ce\u0161nje so pre\u0161le <strong>naravni proces <\/strong>ter <strong>anaerobno fermentacijo<\/strong>, nato pa so bile su\u0161ene na\u00a0<strong>betonskih plo\u0161\u010dadih<\/strong>.\r\n\r\n<strong>Dru\u017eina Aguiar<\/strong> z ljubeznijo prideluje kavo \u017ee devet generacij.\r\nVse se je za\u010delo <strong>leta 1860<\/strong>, ko je dru\u017eina Aguiar za\u010dela pridelovati kavo v mestecu Santo Ant\u00f4nio do Amparo na <strong>jugu Minas Geraisa<\/strong>, regije, znane po pridelavi kave. Prvo poglavje farme <strong>Fazenda Semente<\/strong> se je za\u010delo pisati v sedemdesetih letih prej\u0161njega stoletja, ko sta o\u010de in dedek Edmundo Coutinho Aguiar spakirala kov\u010dke in se preselila v <strong>Patroc\u00ednio<\/strong> v pokrajini <strong>Cerrado Mineiro<\/strong>. Prva kavovca je posadil leta <strong>1988<\/strong> na povr\u0161ini 24 hektarjev.\r\n\r\nDru\u017eina Aguiar \u0161e vedno ponosno prideluje kavo na isti kmetiji kot pred leti, vendar na ve\u010djem pridelovalnem obmo\u010dju. Svoje delo nadaljujejo z neomajno strastjo, predanostjo in spo\u0161tovanjem do kavnih \u010de\u0161enj, ki jih pridelujejo, hkrati pa se poklanjajo <strong>tradicionalnim kmetijskim praksam<\/strong> ter sprejemajo <strong>nove tehnologije<\/strong> in pristope za <strong>trajnostno poslovanje<\/strong>. Rezultat je kombinacija sodobnosti in tradicije, ki zagotavlja kakovost v vsaki skodelici.\r\n\r\n<strong>Cerrado de Minas<\/strong> je prva brazilska regija za pridelovanje kave, ki je dobila status ozna\u010dbe porekla (Cerrado Mineiro), s \u010dimer ji je bil podarjen status, podoben vinorodnim regijam. Z nadmorsko vi\u0161ino <strong>800\u20131300 m<\/strong> in natan\u010dno dolo\u010denimi letnimi \u010dasi (vla\u017eno poletje in blaga do suha zima) je ta regija zelo primerna za gojenje kave. Priljubljeni vrsti tu sta <strong>Mundo Novo<\/strong> in <strong>Catua\u00ed<\/strong>. Od leta 2016 je <b>Fazenda Semente <\/b>certificirana z mednarodnimi pe\u010dati <strong>Rainforest Alliance<\/strong> in <strong>4C<\/strong>. Skozi kmetijo poteka ohranjen ekolo\u0161ki koridor, ki omogo\u010da razcvet lokalne flore in favne.","_et_gb_content_width":""},"product_brand":[],"product_cat":[26],"product_tag":[],"class_list":{"0":"post-50760","1":"product","2":"type-product","3":"status-publish","4":"has-post-thumbnail","6":"product_cat-surova-kava","8":"first","9":"instock","10":"sale","11":"taxable","12":"shipping-taxable","13":"purchasable","14":"product-type-variable"},"_links":{"self":[{"href":"https:\/\/www.rjavitukan.si\/en\/wp-json\/wp\/v2\/product\/50760","targetHints":{"allow":["GET"]}}],"collection":[{"href":"https:\/\/www.rjavitukan.si\/en\/wp-json\/wp\/v2\/product"}],"about":[{"href":"https:\/\/www.rjavitukan.si\/en\/wp-json\/wp\/v2\/types\/product"}],"replies":[{"embeddable":true,"href":"https:\/\/www.rjavitukan.si\/en\/wp-json\/wp\/v2\/comments?post=50760"}],"wp:featuredmedia":[{"embeddable":true,"href":"https:\/\/www.rjavitukan.si\/en\/wp-json\/wp\/v2\/media\/50765"}],"wp:attachment":[{"href":"https:\/\/www.rjavitukan.si\/en\/wp-json\/wp\/v2\/media?parent=50760"}],"wp:term":[{"taxonomy":"product_brand","embeddable":true,"href":"https:\/\/www.rjavitukan.si\/en\/wp-json\/wp\/v2\/product_brand?post=50760"},{"taxonomy":"product_cat","embeddable":true,"href":"https:\/\/www.rjavitukan.si\/en\/wp-json\/wp\/v2\/product_cat?post=50760"},{"taxonomy":"product_tag","embeddable":true,"href":"https:\/\/www.rjavitukan.si\/en\/wp-json\/wp\/v2\/product_tag?post=50760"}],"curies":[{"name":"wp","href":"https:\/\/api.w.org\/{rel}","templated":true}]}}