{"id":50503,"date":"2022-06-06T21:39:59","date_gmt":"2022-06-06T21:39:59","guid":{"rendered":"https:\/\/www.rjavitukan.si\/?post_type=product&#038;p=50503"},"modified":"2026-01-20T22:45:20","modified_gmt":"2026-01-20T22:45:20","slug":"fusca-amarelo","status":"publish","type":"product","link":"https:\/\/www.rjavitukan.si\/en\/product\/fusca-amarelo\/","title":{"rendered":"Fusca Amarelo"},"content":{"rendered":"<p>[et_pb_section fb_built=&#8221;1&#8243; _builder_version=&#8221;4.16&#8243; custom_padding=&#8221;0px||0px||false|false&#8221; global_colors_info=&#8221;{}&#8221;][et_pb_row _builder_version=&#8221;4.16&#8243; background_size=&#8221;initial&#8221; background_position=&#8221;top_left&#8221; background_repeat=&#8221;repeat&#8221; width=&#8221;100%&#8221; custom_padding=&#8221;0px||0px||false|false&#8221; global_colors_info=&#8221;{}&#8221;][et_pb_column type=&#8221;4_4&#8243; _builder_version=&#8221;4.16&#8243; custom_padding=&#8221;|||&#8221; global_colors_info=&#8221;{}&#8221; custom_padding__hover=&#8221;|||&#8221;][et_pb_wc_breadcrumb _builder_version=&#8221;4.16&#8243; global_colors_info=&#8221;{}&#8221;][\/et_pb_wc_breadcrumb][et_pb_wc_cart_notice _builder_version=&#8221;4.16&#8243; global_colors_info=&#8221;{}&#8221;][\/et_pb_wc_cart_notice][\/et_pb_column][\/et_pb_row][et_pb_row column_structure=&#8221;1_2,1_2&#8243; _builder_version=&#8221;4.16&#8243; background_size=&#8221;initial&#8221; background_position=&#8221;top_left&#8221; background_repeat=&#8221;repeat&#8221; width=&#8221;100%&#8221; custom_padding=&#8221;0px||||false|false&#8221; global_colors_info=&#8221;{}&#8221;][et_pb_column type=&#8221;1_2&#8243; _builder_version=&#8221;4.16&#8243; custom_padding=&#8221;|||&#8221; global_colors_info=&#8221;{}&#8221; custom_padding__hover=&#8221;|||&#8221;][et_pb_wc_images _builder_version=&#8221;4.16&#8243; global_colors_info=&#8221;{}&#8221;][\/et_pb_wc_images][\/et_pb_column][et_pb_column type=&#8221;1_2&#8243; _builder_version=&#8221;4.16&#8243; custom_padding=&#8221;|||&#8221; global_colors_info=&#8221;{}&#8221; custom_padding__hover=&#8221;|||&#8221;][et_pb_wc_title _builder_version=&#8221;4.16&#8243; global_colors_info=&#8221;{}&#8221;][\/et_pb_wc_title][et_pb_wc_rating _builder_version=&#8221;4.16&#8243; global_colors_info=&#8221;{}&#8221;][\/et_pb_wc_rating][et_pb_wc_price _builder_version=&#8221;4.16&#8243; global_colors_info=&#8221;{}&#8221;][\/et_pb_wc_price][et_pb_wc_description _builder_version=&#8221;4.16&#8243; global_colors_info=&#8221;{}&#8221;][\/et_pb_wc_description][et_pb_wc_add_to_cart _builder_version=&#8221;4.27.4&#8243; fields_background_color=&#8221;#009bf4&#8243; fields_text_color=&#8221;#FFFFFF&#8221; dropdown_menus_background_color=&#8221;#009bf4&#8243; dropdown_menus_text_color=&#8221;#ffffff&#8221; dropdown_menus_focus_background_color=&#8221;#ffffff&#8221; dropdown_menus_focus_text_color=&#8221;#009bf4&#8243; dropdown_menus_custom_margin=&#8221;9px||||false|false&#8221; dropdown_menus_custom_margin_tablet=&#8221;&#8221; dropdown_menus_custom_margin_phone=&#8221;&#8221; dropdown_menus_custom_margin_last_edited=&#8221;on|phone&#8221; custom_button=&#8221;on&#8221; button_text_color=&#8221;#009bf4&#8243; button_border_color=&#8221;#009bf4&#8243; button_custom_margin=&#8221;|||84px|false|false&#8221; button_custom_margin_tablet=&#8221;&#8221; button_custom_margin_phone=&#8221;|||0px|false|false&#8221; button_custom_margin_last_edited=&#8221;on|phone&#8221; positioning=&#8221;relative&#8221; overflow-x=&#8221;visible&#8221; overflow-y=&#8221;visible&#8221; global_colors_info=&#8221;{}&#8221;][\/et_pb_wc_add_to_cart][et_pb_wc_meta _builder_version=&#8221;4.16&#8243; global_colors_info=&#8221;{}&#8221;][\/et_pb_wc_meta][\/et_pb_column][\/et_pb_row][et_pb_row _builder_version=&#8221;4.16&#8243; background_size=&#8221;initial&#8221; background_position=&#8221;top_left&#8221; background_repeat=&#8221;repeat&#8221; width=&#8221;100%&#8221; custom_padding=&#8221;||0px|||&#8221; global_colors_info=&#8221;{}&#8221;][et_pb_column type=&#8221;4_4&#8243; _builder_version=&#8221;4.16&#8243; custom_padding=&#8221;|||&#8221; global_colors_info=&#8221;{}&#8221; custom_padding__hover=&#8221;|||&#8221;][et_pb_wc_tabs _builder_version=&#8221;4.16&#8243; global_colors_info=&#8221;{}&#8221;] [\/et_pb_wc_tabs][et_pb_wc_upsells _builder_version=&#8221;4.16&#8243; global_colors_info=&#8221;{}&#8221;][\/et_pb_wc_upsells][\/et_pb_column][\/et_pb_row][\/et_pb_section][et_pb_section fb_built=&#8221;1&#8243; _builder_version=&#8221;4.16&#8243; _module_preset=&#8221;default&#8221; custom_padding=&#8221;0px||0px|||&#8221; global_colors_info=&#8221;{}&#8221;][et_pb_row column_structure=&#8221;1_2,1_2&#8243; custom_padding_last_edited=&#8221;on|desktop&#8221; _builder_version=&#8221;4.16&#8243; _module_preset=&#8221;default&#8221; width=&#8221;100%&#8221; custom_padding=&#8221;0px||||false|false&#8221; custom_padding_tablet=&#8221;&#8221; custom_padding_phone=&#8221;&#8221; global_colors_info=&#8221;{}&#8221;][et_pb_column type=&#8221;1_2&#8243; _builder_version=&#8221;4.16&#8243; _module_preset=&#8221;default&#8221; global_colors_info=&#8221;{}&#8221;][et_pb_image src=&#8221;https:\/\/www.rjavitukan.si\/wp-content\/uploads\/2021\/04\/Brazilske-zvezne-drzave-1.png&#8221; title_text=&#8221;Brazilske zvezne dr\u017eave 1&#8243; _builder_version=&#8221;4.16&#8243; _module_preset=&#8221;default&#8221; global_colors_info=&#8221;{}&#8221;][\/et_pb_image][\/et_pb_column][et_pb_column type=&#8221;1_2&#8243; _builder_version=&#8221;4.16&#8243; _module_preset=&#8221;default&#8221; global_colors_info=&#8221;{}&#8221;][et_pb_image src=&#8221;https:\/\/www.rjavitukan.si\/wp-content\/uploads\/2021\/04\/Trgatev-Grossi1-e1617655511357.jpg&#8221; title_text=&#8221;Trgatev Grossi(1)&#8221; _builder_version=&#8221;4.16&#8243; _module_preset=&#8221;default&#8221; global_colors_info=&#8221;{}&#8221;][\/et_pb_image][\/et_pb_column][\/et_pb_row][\/et_pb_section]<\/p>\n","protected":false},"excerpt":{"rendered":"<div class=\"et_pb_module et_pb_wc_description et_pb_wc_description_0 et_pb_bg_layout_light et_pb_text_align_left\">\n<div class=\"et_pb_module_inner\">\n<p>Brazilian speciality coffee. When you drink Fusca Amarelo, you will taste notes of caramel, nuts, honey and chocolate. It has low acidity and full body. Perfect for a morning espresso or blend.<\/p>\n<\/div>\n<\/div>","protected":false},"featured_media":50972,"comment_status":"closed","ping_status":"closed","template":"","meta":{"_et_pb_use_builder":"on","_et_pb_old_content":"Tako kot druge kave iz dru\u017eine Grossi ima tudi kava <b>Fusca Amarelo <\/b>svojo zgodbo. <strong>Jos\u00e9 Carlos Grossi<\/strong> se je v za\u010detku 70. let prej\u0161njega stoletja preselil iz zvezne dr\u017eave <strong>Paran\u00e1<\/strong> in postal eden prvih pridelovalcev v regiji <strong>Cerrado Mineiro<\/strong>. A za\u010detek je bil te\u017eaven, tudi iz finan\u010dnih vidikov. <strong>Fusca Amarelo<\/strong> se nana\u0161a na <strong>volkswagnovega hro\u0161\u010da<\/strong>, avtomobil, ki ga je Jos\u00e9 Carlos v 70. letih prodal za nakup kmetije. Ta kava je torej <strong>simbol optimizma<\/strong> in <strong>vztrajnosti<\/strong>. Simbolizira pogum pridelovalca, ki je zapustil rodno regijo in se s trebuhom za kruhom odpravil v takrat nepoznano regijo <strong>Cerrado Mineiro<\/strong> in na svoj avtomobil stavil uspeh podjetja.\r\n\r\n<b>Fusca Amarelo <\/b>vzbudi okuse in arome <strong>karamele, medu, ore\u0161\u010dkov in \u010dokolade<\/strong><strong>.<\/strong> Ima nizko <strong>citrusno kislost<\/strong>. Zna\u010dilnost te kave je njeno <strong>kremasto telo<\/strong>, ki \u0161e posebej izstopa v kombinaciji z mlekom. Po po\u017eirku te kave boste imeli <strong>dolg in te\u017eak pookus<\/strong>. <strong>Fusca Amarela <\/strong>je pre\u0161la <strong>polprani proces<\/strong>, kar pomeni, da pred su\u0161enjem del mesnatega dela kavnih \u010de\u0161enj mehansko odstranijo. \u010ce\u0161nje s preostankom mesnatega dela razporedijo po <strong>betonskih plo\u0161\u010dadih, <\/strong>kjer se po\u010dasi su\u0161i. Kava se nato dokon\u010dno posu\u0161i<b> mehansko<\/b>, kar zagotavlja <strong>enakomernost<\/strong> med su\u0161enjem.\r\n\r\nDru\u017eina Grossi je za\u010dela gojiti kavo \u017ee davnega leta <strong>1879<\/strong>, dana\u0161nje dru\u017einsko podjetje pa je leta <strong>1972<\/strong> ustanovil <strong>Jos\u00e9 Carlos Grossi<\/strong>. Za\u010detki so bili vse prej kot idealni, saj se je spopadal s te\u017ekimi pogoji za pridelovanje kave, a je takoj po prvih uspe\u0161nih trgatvah storil korak naprej. Ustvaril je <strong>eksperimentalne nasade<\/strong>, kjer \u0161e danes s sodelovanjem z raziskovalnimi in\u0161tituti raziskujejo, kateri minerali in organske snovi najbolj ugajajo prsti ter dolo\u010deni vrsti kavovca. To znanje uporabljajo pri gojenju kav, rezultat pa je izjemno okusna skodelica kave z nepozabnimi aromami.\r\n\r\nTrgatev poteka <strong>mehansko<\/strong> in <strong>ro\u010dno<\/strong>, kavo pa se \u0161e isti dan organsko predela v prostorih, kjer porabijo <strong>malo ali ni\u010d vode<\/strong>. Kavo potem razprostrejo na betonski plo\u0161\u010dadi, su\u0161enje nekaterih kavnih vrst pa zaklju\u010dijo v treh fazah v mehanskih su\u0161ilcih, kar zagotavlja <strong>enotne lastnosti kavnih zrn<\/strong> in <strong>oja\u010da njihove okuse<\/strong>.\r\n\r\n<strong>Cerrado de Minas<\/strong> je prva brazilska regija za pridelovanje kave, ki je dobila status ozna\u010dbe porekla (Cerrado Mineiro), s \u010dimer ji je bil podarjen status, podoben vinorodnim regijam. Z nadmorsko vi\u0161ino <strong>800\u20131300 m<\/strong> in natan\u010dno dolo\u010denimi letnimi \u010dasi (vla\u017eno poletje in blaga do suha zima) je ta regija zelo primerna za gojenje kave. Priljubljeni vrsti tu sta <strong>Mundo Novo<\/strong> in <strong>Catua\u00ed<\/strong>.","_et_gb_content_width":""},"product_brand":[],"product_cat":[20],"product_tag":[],"class_list":{"0":"post-50503","1":"product","2":"type-product","3":"status-publish","4":"has-post-thumbnail","6":"product_cat-kava","8":"first","9":"instock","10":"taxable","11":"shipping-taxable","12":"purchasable","13":"product-type-variable"},"_links":{"self":[{"href":"https:\/\/www.rjavitukan.si\/en\/wp-json\/wp\/v2\/product\/50503","targetHints":{"allow":["GET"]}}],"collection":[{"href":"https:\/\/www.rjavitukan.si\/en\/wp-json\/wp\/v2\/product"}],"about":[{"href":"https:\/\/www.rjavitukan.si\/en\/wp-json\/wp\/v2\/types\/product"}],"replies":[{"embeddable":true,"href":"https:\/\/www.rjavitukan.si\/en\/wp-json\/wp\/v2\/comments?post=50503"}],"wp:featuredmedia":[{"embeddable":true,"href":"https:\/\/www.rjavitukan.si\/en\/wp-json\/wp\/v2\/media\/50972"}],"wp:attachment":[{"href":"https:\/\/www.rjavitukan.si\/en\/wp-json\/wp\/v2\/media?parent=50503"}],"wp:term":[{"taxonomy":"product_brand","embeddable":true,"href":"https:\/\/www.rjavitukan.si\/en\/wp-json\/wp\/v2\/product_brand?post=50503"},{"taxonomy":"product_cat","embeddable":true,"href":"https:\/\/www.rjavitukan.si\/en\/wp-json\/wp\/v2\/product_cat?post=50503"},{"taxonomy":"product_tag","embeddable":true,"href":"https:\/\/www.rjavitukan.si\/en\/wp-json\/wp\/v2\/product_tag?post=50503"}],"curies":[{"name":"wp","href":"https:\/\/api.w.org\/{rel}","templated":true}]}}