{"id":50341,"date":"2022-03-28T12:06:06","date_gmt":"2022-03-28T12:06:06","guid":{"rendered":"https:\/\/www.rjavitukan.si\/?post_type=product&#038;p=50341"},"modified":"2026-05-11T17:10:04","modified_gmt":"2026-05-11T17:10:04","slug":"happy-accident-green-coffee","status":"publish","type":"product","link":"https:\/\/www.rjavitukan.si\/en\/product\/happy-accident-green-coffee\/","title":{"rendered":"Happy Accident, Green Coffee"},"content":{"rendered":"<p>[et_pb_section fb_built=&#8221;1&#8243; _builder_version=&#8221;4.16&#8243; custom_padding=&#8221;0px||||false|false&#8221; global_colors_info=&#8221;{}&#8221;][et_pb_row _builder_version=&#8221;4.16&#8243; background_size=&#8221;initial&#8221; background_position=&#8221;top_left&#8221; background_repeat=&#8221;repeat&#8221; width=&#8221;100%&#8221; custom_padding=&#8221;0px||0px||false|false&#8221; global_colors_info=&#8221;{}&#8221;][et_pb_column type=&#8221;4_4&#8243; _builder_version=&#8221;4.16&#8243; custom_padding=&#8221;|||&#8221; global_colors_info=&#8221;{}&#8221; custom_padding__hover=&#8221;|||&#8221;][et_pb_wc_breadcrumb _builder_version=&#8221;4.16&#8243; global_colors_info=&#8221;{}&#8221;][\/et_pb_wc_breadcrumb][et_pb_wc_cart_notice _builder_version=&#8221;4.16&#8243; global_colors_info=&#8221;{}&#8221;][\/et_pb_wc_cart_notice][\/et_pb_column][\/et_pb_row][et_pb_row column_structure=&#8221;1_2,1_2&#8243; custom_padding_last_edited=&#8221;on|phone&#8221; _builder_version=&#8221;4.16&#8243; background_size=&#8221;initial&#8221; background_position=&#8221;top_left&#8221; background_repeat=&#8221;repeat&#8221; width=&#8221;100%&#8221; custom_padding=&#8221;0px||||false|false&#8221; custom_padding_tablet=&#8221;&#8221; custom_padding_phone=&#8221;||20px||false|false&#8221; global_colors_info=&#8221;{}&#8221;][et_pb_column type=&#8221;1_2&#8243; _builder_version=&#8221;4.16&#8243; custom_padding=&#8221;|||&#8221; global_colors_info=&#8221;{}&#8221; custom_padding__hover=&#8221;|||&#8221;][et_pb_wc_images _builder_version=&#8221;4.16&#8243; global_colors_info=&#8221;{}&#8221;][\/et_pb_wc_images][\/et_pb_column][et_pb_column type=&#8221;1_2&#8243; _builder_version=&#8221;4.16&#8243; custom_padding=&#8221;|||&#8221; global_colors_info=&#8221;{}&#8221; custom_padding__hover=&#8221;|||&#8221;][et_pb_wc_title _builder_version=&#8221;4.16&#8243; global_colors_info=&#8221;{}&#8221;][\/et_pb_wc_title][et_pb_wc_rating _builder_version=&#8221;4.16&#8243; global_colors_info=&#8221;{}&#8221;][\/et_pb_wc_rating][et_pb_wc_price _builder_version=&#8221;4.16&#8243; global_colors_info=&#8221;{}&#8221;][\/et_pb_wc_price][et_pb_wc_description _builder_version=&#8221;4.16&#8243; global_colors_info=&#8221;{}&#8221;][\/et_pb_wc_description][et_pb_wc_add_to_cart _builder_version=&#8221;4.16&#8243; fields_background_color=&#8221;#009bf4&#8243; dropdown_menus_background_color=&#8221;#009bf4&#8243; dropdown_menus_text_color=&#8221;#ffffff&#8221; dropdown_menus_focus_background_color=&#8221;#ffffff&#8221; dropdown_menus_focus_text_color=&#8221;#009bf4&#8243; dropdown_menus_custom_margin=&#8221;9px||||false|false&#8221; dropdown_menus_custom_margin_tablet=&#8221;&#8221; dropdown_menus_custom_margin_phone=&#8221;&#8221; dropdown_menus_custom_margin_last_edited=&#8221;on|desktop&#8221; custom_button=&#8221;on&#8221; button_custom_margin=&#8221;|||40px|false|false&#8221; button_custom_margin_tablet=&#8221;&#8221; button_custom_margin_phone=&#8221;|||0px|false|false&#8221; button_custom_margin_last_edited=&#8221;on|phone&#8221; global_colors_info=&#8221;{}&#8221;][\/et_pb_wc_add_to_cart][et_pb_wc_meta _builder_version=&#8221;4.16&#8243; custom_margin_tablet=&#8221;&#8221; custom_margin_phone=&#8221;||-17px||false|false&#8221; custom_margin_last_edited=&#8221;on|phone&#8221; global_colors_info=&#8221;{}&#8221;][\/et_pb_wc_meta][et_pb_code _builder_version=&#8221;4.16&#8243; _module_preset=&#8221;default&#8221; global_colors_info=&#8221;{}&#8221;]<\/p>\n<div id=\"artisanplus\" style=\"display: flex; align-items: center; padding-bottom: 0; font-size: 15px;\">Add to your<a style=\"padding: 0px 5px; font-size: 15px;\" href=\"https:\/\/artisan.plus\/en\/add;source=rjavitukan;id=ibc12\" target=\"_new\" rel=\"noopener\" data-open-accessibility-text-original=\"15px\"><img decoding=\"async\" style=\"height: 22px; vertical-align: text-top;\" src=\"https:\/\/artisan.plus\/en\/assets\/images\/artisan-plus-badge.svg\" alt=\"\"><\/a>account<\/div>\n<p><!-- [et_pb_line_break_holder] -->[\/et_pb_code][\/et_pb_column][\/et_pb_row][et_pb_row custom_padding_last_edited=&#8221;on|desktop&#8221; _builder_version=&#8221;4.16&#8243; background_size=&#8221;initial&#8221; background_position=&#8221;top_left&#8221; background_repeat=&#8221;repeat&#8221; width=&#8221;100%&#8221; custom_padding=&#8221;||0px||false|false&#8221; custom_padding_tablet=&#8221;&#8221; custom_padding_phone=&#8221;&#8221; global_colors_info=&#8221;{}&#8221;][et_pb_column type=&#8221;4_4&#8243; _builder_version=&#8221;4.16&#8243; custom_padding=&#8221;|||&#8221; global_colors_info=&#8221;{}&#8221; custom_padding__hover=&#8221;|||&#8221;][et_pb_wc_tabs _builder_version=&#8221;4.16&#8243; global_colors_info=&#8221;{}&#8221;] [\/et_pb_wc_tabs][et_pb_wc_upsells _builder_version=&#8221;4.16&#8243; global_colors_info=&#8221;{}&#8221;][\/et_pb_wc_upsells][\/et_pb_column][\/et_pb_row][et_pb_row custom_padding_last_edited=&#8221;on|desktop&#8221; _builder_version=&#8221;4.16&#8243; _module_preset=&#8221;default&#8221; width=&#8221;100%&#8221; custom_margin_tablet=&#8221;&#8221; custom_margin_phone=&#8221;&#8221; custom_margin_last_edited=&#8221;on|desktop&#8221; custom_padding=&#8221;0px||||false|false&#8221; custom_padding_tablet=&#8221;&#8221; custom_padding_phone=&#8221;&#8221; global_colors_info=&#8221;{}&#8221;][et_pb_column type=&#8221;4_4&#8243; _builder_version=&#8221;4.16&#8243; _module_preset=&#8221;default&#8221; global_colors_info=&#8221;{}&#8221;][et_pb_wc_related_products _builder_version=&#8221;4.16&#8243; _module_preset=&#8221;default&#8221; global_colors_info=&#8221;{}&#8221;][\/et_pb_wc_related_products][\/et_pb_column][\/et_pb_row][\/et_pb_section]<\/p>\n","protected":false},"excerpt":{"rendered":"<p class=\"translation-block\">Brazilian specialty coffee. <strong>IBC12<\/strong> is for all lovers of <strong>fruity coffees<\/strong> with <strong>hints of tropical fruit and citrus<\/strong> and a <strong>more pronounced acidity<\/strong>.<\/p>","protected":false},"featured_media":50436,"comment_status":"closed","ping_status":"closed","template":"","meta":{"_et_pb_use_builder":"on","_et_pb_old_content":"<strong>Happy Accident <\/strong>oz. <strong>Sre\u010da v nesre\u010di<\/strong> je kava, ki jo po \u010distem slu\u010daju postala eden izmed bolj\u0161ih lotov leto\u0161nje trgatve. <strong>Edu Melo<\/strong> je ta lot nameraval sprocesirati kot klasi\u010den naravni lot, ki bi dosegel okoli 83 SCA to\u010dk. Vendar pa je med su\u0161enjem \u010de\u0161enj za\u010delo <strong>de\u017eevati<\/strong>, kar je povzro\u010dilo <strong>naravno fermentacijo<\/strong> \u010de\u0161enj. Ta lot je torej iz klasi\u010dnega \u010dokoladnega profila napredoval v mo\u010dne <strong>note tropskega sadja in citrusov<\/strong>. Pona\u0161a se z <strong>zelo sladko<\/strong> in prijetno<strong>\u00a0aromo, <\/strong>\u0161e posebej boste zaznali <strong>pridih tropskega sadja<\/strong>. Ta kava s kmetije Espig\u00e3o do Palmital ima \u017ee <strong>vi\u0161jo stopnjo<\/strong><strong> citri\u010dne kislosti<\/strong> in <strong>ne\u017eno telo<\/strong>.\r\n\r\nPot dru\u017eine <strong>Melo<\/strong> se za\u010dne z <strong>Miguelom Constantejem<\/strong>, dedkom <strong>Gila C\u00e9sara de Mela<\/strong>, predanim pridelovalcem kave, ki je gojil globoko strast do te kulture in pridno delal na svoji planta\u017ei v mestu <strong>Campos Altos<\/strong>, ki le\u017ei v notranjosti <strong>Minas Gerais<\/strong>. Gilov tesen odnos z obema star\u0161ema in dedkom je \u017ee v zgodnjem otro\u0161tvu vzbudil njegovo ljubezen do kave. <strong>Gil<\/strong> je sledil stopinjam svojih starih star\u0161ev in star\u0161ev in kasneje skupaj z bratrancem za\u010del <strong>gojiti kavo<\/strong>, vendar je slednji kmalu zaradi nizkih cen kave odstopil iz partnerstva. Gil je nadaljeval in \u0161e danes goji kavo, ob strani pa mu stojijo\u00a0<strong>\u017eena Luciana in dva sinova Edu Leandro in Hugo Leandro,<\/strong>\u00a0slednja s svojo mladostjo prina\u0161ata sve\u017eino in inovativne ideje v dru\u017einski posel.\r\n\r\n<strong>Edu<\/strong> se je pridru\u017eil podjetju, da bi izvajal nenehne izbolj\u0161ave in se osredoto\u010dil na pridelavo <strong>specialty kave<\/strong>. Hugo, ki je zelo navdu\u0161en nad dobavno verigo kave, prispeva svoje strokovno znanje od najzgodnej\u0161ih faz <strong>proizvodnje<\/strong> do kon\u010dnih dotikov. Oba sinova tesno sodelujeta s star\u0161ema v podjetju <strong>Coffee O\u2019Melo<\/strong>, zdru\u017eena s skupnim ciljem: proizvodnjo izjemne kave z mo\u010dno <strong>zavezanostjo k socialni in okoljski odgovornosti<\/strong>.\r\n\r\nZadnja to\u010dka je za dru\u017eino \u0161e posebej pomembna, kar je razvidno iz njihovih prizadevanj za pridobitev certifikata <strong>Carbon Neutral Certification<\/strong> z uporabo <strong>regenerativnega kmetijstva<\/strong>. Sodelujejo z in\u0161titutom <strong>EPAMIG<\/strong> \u2013 Minas Gerais Agricultural Research Company \u2013 da bi zagotovili nov in u\u010dinkovitej\u0161i pristop k <strong>trajnostni pridelavi kave<\/strong> z edinstvenimi profili, pri \u010demer v procesiranju uporabljajo <strong>sodobno tehnologijo<\/strong>.\r\n\r\n<strong>Catigu\u00e1, Mundo Novo, Catuca\u00ed, Catua\u00ed, Arara, IAC125RN in Bourbon<\/strong> so glavne sorte, ki jih pridelujejo, \u010deprav za raziskovalne namene vzdr\u017eujejo <strong>eksperimentalni nasad<\/strong> z razli\u010dnimi eksoti\u010dnimi sortami. <strong>Coffee O\u2019Melo<\/strong> ima dobro strukturo in stroje ter za svojo kavo uporablja tri postopke: <strong>naravni, polprani in prani<\/strong>.\r\n\r\n<strong>Cerrado de Minas<\/strong> je prva brazilska regija za pridelovanje kave, ki je dobila <strong>status ozna\u010dbe porekla (Cerrado Mineiro)<\/strong>, s \u010dimer ji je bil podarjen status, podoben vinorodnim regijam. Z nadmorsko vi\u0161ino 800\u20131300 m in natan\u010dno dolo\u010denimi letnimi \u010dasi (<strong>vla\u017eno poletje in blaga do suha zima<\/strong>) je ta regija zelo primerna za gojenje kave. Priljubljeni vrsti tu sta <strong>Mundo Novo in Catua\u00ed.<\/strong>","_et_gb_content_width":""},"product_brand":[],"product_cat":[26],"product_tag":[],"class_list":{"0":"post-50341","1":"product","2":"type-product","3":"status-publish","4":"has-post-thumbnail","6":"product_cat-surova-kava","8":"first","9":"instock","10":"sale","11":"taxable","12":"shipping-taxable","13":"purchasable","14":"product-type-variable"},"_links":{"self":[{"href":"https:\/\/www.rjavitukan.si\/en\/wp-json\/wp\/v2\/product\/50341","targetHints":{"allow":["GET"]}}],"collection":[{"href":"https:\/\/www.rjavitukan.si\/en\/wp-json\/wp\/v2\/product"}],"about":[{"href":"https:\/\/www.rjavitukan.si\/en\/wp-json\/wp\/v2\/types\/product"}],"replies":[{"embeddable":true,"href":"https:\/\/www.rjavitukan.si\/en\/wp-json\/wp\/v2\/comments?post=50341"}],"wp:featuredmedia":[{"embeddable":true,"href":"https:\/\/www.rjavitukan.si\/en\/wp-json\/wp\/v2\/media\/50436"}],"wp:attachment":[{"href":"https:\/\/www.rjavitukan.si\/en\/wp-json\/wp\/v2\/media?parent=50341"}],"wp:term":[{"taxonomy":"product_brand","embeddable":true,"href":"https:\/\/www.rjavitukan.si\/en\/wp-json\/wp\/v2\/product_brand?post=50341"},{"taxonomy":"product_cat","embeddable":true,"href":"https:\/\/www.rjavitukan.si\/en\/wp-json\/wp\/v2\/product_cat?post=50341"},{"taxonomy":"product_tag","embeddable":true,"href":"https:\/\/www.rjavitukan.si\/en\/wp-json\/wp\/v2\/product_tag?post=50341"}],"curies":[{"name":"wp","href":"https:\/\/api.w.org\/{rel}","templated":true}]}}